{"id":10131,"date":"2021-01-19T22:05:12","date_gmt":"2021-01-19T21:05:12","guid":{"rendered":"https:\/\/www.pagodepenarrubia.com\/%e5%80%8b%e4%ba%ba%e6%83%85%e5%a0%b1%e4%bf%9d%e8%ad%b7%e6%96%b9%e9%87%9d\/"},"modified":"2021-01-24T15:05:40","modified_gmt":"2021-01-24T14:05:40","slug":"%e5%80%8b%e4%ba%ba%e6%83%85%e5%a0%b1%e4%bf%9d%e8%ad%b7%e6%96%b9%e9%87%9d","status":"publish","type":"page","link":"https:\/\/www.pagodepenarrubia.com\/ja\/%e5%80%8b%e4%ba%ba%e6%83%85%e5%a0%b1%e4%bf%9d%e8%ad%b7%e6%96%b9%e9%87%9d\/","title":{"rendered":"\u500b\u4eba\u60c5\u5831\u4fdd\u8b77\u65b9\u91dd"},"content":{"rendered":"[vc_row thb_divider_position=&#8221;bottom&#8221; css=&#8221;.vc_custom_1611086197775{padding-top: 50px !important;}&#8221;][vc_column][vc_column_text]\n<h2 style=\"text-align: center;\"><strong>POL\u00cdTICA DE PRIVACIDAD<\/strong><\/h2>\n<p>&nbsp;<\/p>\n<p>Informaci\u00f3n en cumplimiento de lo establecido en la Ley Org\u00e1nica de Protecci\u00f3n de Datos de Car\u00e1cter Personal.<\/p>\n<p><strong>1. PRINCIPIO DE INFORMACI\u00d3N<\/strong><\/p>\n<p>En cumplimiento de lo establecido en el art\u00edculo 5 de la Ley Org\u00e1nica 15\/1999, de 13 de diciembre, de Protecci\u00f3n de Datos de Car\u00e1cter Personal (en adelante, LOPD), le informamos de modo expreso, preciso e inequ\u00edvoco que los datos facilitados por usted a trav\u00e9s de los formularios dispuestos al efecto en nuestra p\u00e1gina web o en cualquier otro canal de recogida de los mismos, as\u00ed como los que se generen durante su relaci\u00f3n con nuestra entidad, ser\u00e1n objeto de tratamiento en los ficheros responsabilidad de , debidamente notificados en el Registro General de la Agencia Espa\u00f1ola de Protecci\u00f3n de Datos, con la finalidad del mantenimiento y cumplimiento de la relaci\u00f3n del destinatario del servicio con nuestra entidad y prestaci\u00f3n de servicios derivada de la misma.<\/p>\n<p>As\u00ed mismo, en cumplimiento de lo establecido en la citada LOPD y en la Ley 34\/2002, de 11 de julio, de Servicios de la Sociedad de la Informaci\u00f3n y de Comercio Electr\u00f3nico (en adelante, LSSI-CE), le informamos que sus datos podr\u00e1n ser utilizados con la finalidad de enviarle comunicaciones comerciales y de cortes\u00eda relacionadas con nuestra entidad a trav\u00e9s del tel\u00e9fono, correo postal ordinario, fax, correo electr\u00f3nico o medios de comunicaci\u00f3n electr\u00f3nica equivalentes.<\/p>\n<p>Sus datos ser\u00e1n incorporados a un fichero bajo responsabilidad de PAGO DE PE\u00d1ARRUBIA S.L., con el objetivo de gestionar la tramitaci\u00f3n y ejecuci\u00f3n de su pedido. De haber otorgado previamente su consentimiento expreso, utilizaremos su direcci\u00f3n de correo electr\u00f3nico para el env\u00edo de comunicaciones comerciales. Usted puede darse de baja de las mismas en cualquier momento.<\/p>\n<p>De igual manera, le informamos que sus datos ser\u00e1n cedidos en todos aquellos casos en que sea necesario para el desarrollo, cumplimiento y control de la relaci\u00f3n del destinatario del servicio con nuestra entidad o en los supuestos en que lo autorice una norma con rango de ley y, en particular, cuando concurra uno de los supuestos siguientes: a) El tratamiento o la cesi\u00f3n tengan por objeto la satisfacci\u00f3n de un inter\u00e9s leg\u00edtimo del responsable del tratamiento o del cesionario amparado por dicha norma; b) El tratamiento o la cesi\u00f3n de los datos sean necesarios para que el responsable del tratamiento cumpla un deber que le imponga dicha norma.<\/p>\n<p><strong>2. PRINCIPIO DEL CONSENTIMIENTO<\/strong><\/p>\n<p>El consentimiento para el tratamiento de sus datos con las finalidades descritas en el apartado anterior se entender\u00e1 prestado a trav\u00e9s de la marcaci\u00f3n de las casillas correspondientes dispuestas al efecto en nuestra p\u00e1gina web.<\/p>\n<p>De haber otorgado previamente su\u00a0consentimiento expreso, utilizaremos su\u00a0direcci\u00f3n de correo electr\u00f3nico para el env\u00edo\u00a0de comunicaciones comerciales. Usted puede\u00a0darse de baja de las mismas en cualquier\u00a0momento.<\/p>\n<p>Los datos personales que nos facilite ser\u00e1n utilizados con la finalidad de facilitarle la informaci\u00f3n solicitada, gestionar los productos o servicios contratados, y, previo consentimiento de su parte, mantenerle informado sobre productos, servicios o noticias que puedan ser de su inter\u00e9s.<\/p>\n<p><strong>3. CAR\u00c1CTER OBLIGATORIO DE LOS DATOS SOLICITADOS<\/strong><\/p>\n<p>La cumplimentaci\u00f3n de todos y cada uno de los campos que aparecen en los formularios dispuestos al efecto en nuestra p\u00e1gina web tiene car\u00e1cter obligatorio (en caso contrario, aparecer\u00e1n marcados con un asterisco los campos que tengan car\u00e1cter obligatorio). La negativa a facilitar sus datos llevar\u00eda aparejada la imposibilidad del mantenimiento y cumplimiento de la relaci\u00f3n del destinatario del servicio con nuestra entidad, ya que los mismos son necesarios para la prestaci\u00f3n de servicios derivada de la misma.<\/p>\n<p><strong>4. PRINCIPIO DE CALIDAD DE LOS DATOS<\/strong><\/p>\n<p>El destinatario del servicio ser\u00e1 el \u00fanico responsable de la veracidad y exactitud de los datos aportados, actuando PAGO DE PE\u00d1ARRUBIA S.L. de buena fe como mero prestador del servicio.<\/p>\n<p>En el supuesto de que el destinatario del servicio facilite datos falsos o de terceras personas sin mediar su consentimiento para ello, responder\u00e1 personalmente frente a PAGO DE PE\u00d1ARRUBIA S.L., los afectados o interesados, Agencia Espa\u00f1ola de Protecci\u00f3n de Datos y, en su caso, autoridades auton\u00f3micas de protecci\u00f3n de datos, de las responsabilidades derivadas de dicha circunstancia.<\/p>\n<p>PAGO DE PE\u00d1ARRUBIA S.L. no recoge datos de personas menores de catorce a\u00f1os a trav\u00e9s de su p\u00e1gina web. En el supuesto de que una persona menor de catorce a\u00f1os facilite sus datos a trav\u00e9s de los formularios dispuestos al efecto en nuestra p\u00e1gina web o en cualquier otro canal de recogida de los mismos, se proceder\u00e1 a su destrucci\u00f3n inmediata en el mismo momento en que se tenga conocimiento de tal circunstancia.<\/p>\n<p>Con la finalidad de dar cumplimiento a lo establecido en el art\u00edculo 4.3 de la LOPD, el destinatario del servicio se compromete a comunicar a PAGO DE PE\u00d1ARRUBIA S.L., los cambios que se produzcan en sus datos, de forma que respondan con veracidad a su situaci\u00f3n actual en todo momento.<\/p>\n<p><strong>5. HERRAMIENTAS DE SEGUIMIENTO DE LA NAVEGACI\u00d3N<\/strong><\/p>\n<p>Para la utilizaci\u00f3n de nuestro sitio web es necesario la utilizaci\u00f3n de cookies. Las cookies se utilizan con la finalidad de mejorar su experiencia de navegaci\u00f3n y recoger datos estad\u00edsticos de forma an\u00f3nima, si usted lo desea puede configurar su navegador para ser avisado en pantalla de la recepci\u00f3n de cookies y para impedir la instalaci\u00f3n de cookies en su disco duro. Por favor, consulte las instrucciones y manuales de su navegador para ampliar esta informaci\u00f3n.<\/p>\n<p>Para la utilizaci\u00f3n de nuestro sitio web se\u00a0utilizan herramientas de seguimiento de la navegaci\u00f3n a trav\u00e9s de la misma y direcci\u00f3n IP del destinatario del servicio, con la finalidad de mejorar y garantizar la prestaci\u00f3n de servicios y el funcionamiento t\u00e9cnico de la misma.<\/p>\n<p><strong>6. PRINCIPIO DE SEGURIDAD DE LOS DATOS<\/strong><\/p>\n<p>PAGO DE PE\u00d1ARRUBIA S.L. se compromete al cumplimiento de su obligaci\u00f3n de secreto respecto de los datos de car\u00e1cter personal y de su deber de guardarlos y adoptar\u00e1 todas las medidas de \u00edndole t\u00e9cnica y organizativa necesarias que garanticen la seguridad de los datos de car\u00e1cter personal y eviten su alteraci\u00f3n, p\u00e9rdida, tratamiento o acceso no autorizado, habida cuenta del estado de la tecnolog\u00eda, la naturaleza de los datos almacenados y los riesgos a que est\u00e9n expuestos, ya provengan de la acci\u00f3n humana o del medio f\u00edsico o natural, desarrolladas en el T\u00edtulo VIII del Real Decreto 1720\/2007, de 21 de diciembre, por el que se aprueba el Reglamento de desarrollo de la Ley Org\u00e1nica 15\/1999, de 13 de diciembre, de Protecci\u00f3n de Datos de Car\u00e1cter Personal.<\/p>\n<p><strong>7. ENLACES EXTERNOS<\/strong><\/p>\n<p>PAGO DE PE\u00d1ARRUBIA S.L. no se hace responsable del uso o navegaci\u00f3n que se realice en los enlaces externos que queden fuera de su dominio principal.<\/p>\n<p><strong>8. EJERCICIO DE DERECHOS<\/strong><\/p>\n<p>En cumplimiento de lo establecido en la LOPD y el Real Decreto 1720\/2007, de 21 de diciembre, por el que se aprueba el Reglamento de desarrollo de la misma, el destinatario del servicio puede ejercitar, en cualquier momento, sus derechos de acceso, rectificaci\u00f3n, cancelaci\u00f3n y oposici\u00f3n, adjuntando fotocopia de su DNI\u00a0ante el responsable del fichero o del tratamiento PAGO DE PE\u00d1ARRUBIA S.L. en\u00a0direcci\u00f3n Avda. de Espa\u00f1a n\u00ba 10, 8\u00baC &#8211;\u00a002002 Albacete (Espa\u00f1a) o en el correo electr\u00f3nico info@pagodepenarrubia.es.<\/p>\n<p>En todo caso, se le garantiza la posibilidad de ejercitar sus derechos de acceso, rectificaci\u00f3n, cancelaci\u00f3n y oposici\u00f3n al tratamiento de sus datos, dirigiendo una comunicaci\u00f3n mediante correo electr\u00f3nico a info@pagodepenarrubia.es.<\/p>\n<p><strong>9. LEGISLACI\u00d3N Y RESOLUCI\u00d3N DE CONFLICTOS<\/strong><\/p>\n<p>Las partes se someten, a su elecci\u00f3n, para la resoluci\u00f3n de los conflictos y con renuncia a cualquier otro fuero, a los juzgados y tribunales del domicilio del usuario.<\/p>\n<p>Resoluci\u00f3n de litigios en l\u00ednea conforme al Art. 14.1 del Reglamento (UE) 524\/2013: La Comisi\u00f3n Europea facilita una plataforma de resoluci\u00f3n de litigios en l\u00ednea, la cual se encuentra disponible en el siguiente enlace: <a href=\"http:\/\/ec.europa.eu\/consumers\/odr\/\" target=\"_blank\" rel=\"noopener noreferrer\">http:\/\/ec.europa.eu\/consumers\/odr\/<\/a>.<\/p>\n<p><strong>10. RESPONSABLE DEL FICHERO O DEL TRATAMIENTO<\/strong><\/p>\n<p>El responsable del fichero o del tratamiento es PAGO DE PE\u00d1ARRUBIA S.L., con direcci\u00f3n a efectos de notificaciones en Avda. de Espa\u00f1a n\u00ba 10, 8\u00baC &#8211;\u00a002002 Albacete (Espa\u00f1a).<\/p>\n<p><strong>11. MODIFICACI\u00d3N DE LA PRESENTE POL\u00cdTICA DE PRIVACIDAD<\/strong><\/p>\n<p>PAGO DE PE\u00d1ARRUBIA S.L. se reserva el derecho a modificar la presente pol\u00edtica para adaptarla a futuras novedades legislativas o jurisprudenciales, as\u00ed como a pr\u00e1cticas de la industria, informando previamente a los usuarios de los cambios que en ella se produzcan.[\/vc_column_text][\/vc_column][\/vc_row]\n","protected":false},"excerpt":{"rendered":"<p>[vc_row thb_divider_position=&#8221;bottom&#8221; css=&#038;&hellip;<\/p>\n","protected":false},"author":51,"featured_media":0,"parent":0,"menu_order":0,"comment_status":"closed","ping_status":"closed","template":"","meta":[],"yoast_head":"<!-- This site is optimized with the Yoast SEO plugin v20.6 - https:\/\/yoast.com\/wordpress\/plugins\/seo\/ -->\n<title>\u500b\u4eba\u60c5\u5831\u4fdd\u8b77\u65b9\u91dd - Pago de Pe\u00f1arrubia<\/title>\n<meta name=\"robots\" content=\"index, follow, max-snippet:-1, max-image-preview:large, max-video-preview:-1\" \/>\n<link rel=\"canonical\" href=\"https:\/\/www.pagodepenarrubia.com\/ja\/%e5%80%8b%e4%ba%ba%e6%83%85%e5%a0%b1%e4%bf%9d%e8%ad%b7%e6%96%b9%e9%87%9d\/\" \/>\n<meta property=\"og:locale\" content=\"ja_JP\" \/>\n<meta property=\"og:type\" content=\"article\" \/>\n<meta property=\"og:title\" content=\"\u500b\u4eba\u60c5\u5831\u4fdd\u8b77\u65b9\u91dd - Pago de Pe\u00f1arrubia\" \/>\n<meta property=\"og:description\" content=\"[vc_row thb_divider_position=&#8221;bottom&#8221; css=&amp;&hellip;\" \/>\n<meta property=\"og:url\" content=\"https:\/\/www.pagodepenarrubia.com\/ja\/%e5%80%8b%e4%ba%ba%e6%83%85%e5%a0%b1%e4%bf%9d%e8%ad%b7%e6%96%b9%e9%87%9d\/\" \/>\n<meta property=\"og:site_name\" content=\"Pago de Pe\u00f1arrubia\" \/>\n<meta property=\"article:modified_time\" content=\"2021-01-24T14:05:40+00:00\" \/>\n<meta property=\"og:image\" content=\"https:\/\/www.pagodepenarrubia.com\/wp-content\/uploads\/FincaOctubre-1036-1.jpg\" \/>\n\t<meta property=\"og:image:width\" content=\"800\" \/>\n\t<meta property=\"og:image:height\" content=\"533\" \/>\n\t<meta property=\"og:image:type\" content=\"image\/jpeg\" \/>\n<meta name=\"twitter:card\" content=\"summary_large_image\" \/>\n<meta name=\"twitter:label1\" content=\"\u63a8\u5b9a\u8aad\u307f\u53d6\u308a\u6642\u9593\" \/>\n\t<meta name=\"twitter:data1\" content=\"8\u5206\" \/>\n<script type=\"application\/ld+json\" class=\"yoast-schema-graph\">{\"@context\":\"https:\/\/schema.org\",\"@graph\":[{\"@type\":\"WebPage\",\"@id\":\"https:\/\/www.pagodepenarrubia.com\/ja\/%e5%80%8b%e4%ba%ba%e6%83%85%e5%a0%b1%e4%bf%9d%e8%ad%b7%e6%96%b9%e9%87%9d\/\",\"url\":\"https:\/\/www.pagodepenarrubia.com\/ja\/%e5%80%8b%e4%ba%ba%e6%83%85%e5%a0%b1%e4%bf%9d%e8%ad%b7%e6%96%b9%e9%87%9d\/\",\"name\":\"\u500b\u4eba\u60c5\u5831\u4fdd\u8b77\u65b9\u91dd - Pago de Pe\u00f1arrubia\",\"isPartOf\":{\"@id\":\"https:\/\/www.pagodepenarrubia.com\/ja\/#website\"},\"datePublished\":\"2021-01-19T21:05:12+00:00\",\"dateModified\":\"2021-01-24T14:05:40+00:00\",\"breadcrumb\":{\"@id\":\"https:\/\/www.pagodepenarrubia.com\/ja\/%e5%80%8b%e4%ba%ba%e6%83%85%e5%a0%b1%e4%bf%9d%e8%ad%b7%e6%96%b9%e9%87%9d\/#breadcrumb\"},\"inLanguage\":\"ja\",\"potentialAction\":[{\"@type\":\"ReadAction\",\"target\":[\"https:\/\/www.pagodepenarrubia.com\/ja\/%e5%80%8b%e4%ba%ba%e6%83%85%e5%a0%b1%e4%bf%9d%e8%ad%b7%e6%96%b9%e9%87%9d\/\"]}]},{\"@type\":\"BreadcrumbList\",\"@id\":\"https:\/\/www.pagodepenarrubia.com\/ja\/%e5%80%8b%e4%ba%ba%e6%83%85%e5%a0%b1%e4%bf%9d%e8%ad%b7%e6%96%b9%e9%87%9d\/#breadcrumb\",\"itemListElement\":[{\"@type\":\"ListItem\",\"position\":1,\"name\":\"Portada\",\"item\":\"https:\/\/www.pagodepenarrubia.com\/ja\/\"},{\"@type\":\"ListItem\",\"position\":2,\"name\":\"\u500b\u4eba\u60c5\u5831\u4fdd\u8b77\u65b9\u91dd\"}]},{\"@type\":\"WebSite\",\"@id\":\"https:\/\/www.pagodepenarrubia.com\/ja\/#website\",\"url\":\"https:\/\/www.pagodepenarrubia.com\/ja\/\",\"name\":\"Pago de Pe\u00f1arrubia\",\"description\":\"Tienda de aceite oliva virgen extra ecol\u00f3gico gourmet\",\"publisher\":{\"@id\":\"https:\/\/www.pagodepenarrubia.com\/ja\/#organization\"},\"alternateName\":\"Pago Pe\u00f1arrubias\",\"potentialAction\":[{\"@type\":\"SearchAction\",\"target\":{\"@type\":\"EntryPoint\",\"urlTemplate\":\"https:\/\/www.pagodepenarrubia.com\/ja\/?s={search_term_string}\"},\"query-input\":\"required name=search_term_string\"}],\"inLanguage\":\"ja\"},{\"@type\":\"Organization\",\"@id\":\"https:\/\/www.pagodepenarrubia.com\/ja\/#organization\",\"name\":\"Pago de Pe\u00f1arrubias\",\"alternateName\":\"Pe\u00f1arrubias\",\"url\":\"https:\/\/www.pagodepenarrubia.com\/ja\/\",\"logo\":{\"@type\":\"ImageObject\",\"inLanguage\":\"ja\",\"@id\":\"https:\/\/www.pagodepenarrubia.com\/ja\/#\/schema\/logo\/image\/\",\"url\":\"https:\/\/www.pagodepenarrubia.com\/wp-content\/uploads\/favicon_penarrubia.png\",\"contentUrl\":\"https:\/\/www.pagodepenarrubia.com\/wp-content\/uploads\/favicon_penarrubia.png\",\"width\":334,\"height\":334,\"caption\":\"Pago de Pe\u00f1arrubias\"},\"image\":{\"@id\":\"https:\/\/www.pagodepenarrubia.com\/ja\/#\/schema\/logo\/image\/\"}}]}<\/script>\n<!-- \/ Yoast SEO plugin. -->","yoast_head_json":{"title":"\u500b\u4eba\u60c5\u5831\u4fdd\u8b77\u65b9\u91dd - Pago de Pe\u00f1arrubia","robots":{"index":"index","follow":"follow","max-snippet":"max-snippet:-1","max-image-preview":"max-image-preview:large","max-video-preview":"max-video-preview:-1"},"canonical":"https:\/\/www.pagodepenarrubia.com\/ja\/%e5%80%8b%e4%ba%ba%e6%83%85%e5%a0%b1%e4%bf%9d%e8%ad%b7%e6%96%b9%e9%87%9d\/","og_locale":"ja_JP","og_type":"article","og_title":"\u500b\u4eba\u60c5\u5831\u4fdd\u8b77\u65b9\u91dd - Pago de Pe\u00f1arrubia","og_description":"[vc_row thb_divider_position=&#8221;bottom&#8221; css=&&hellip;","og_url":"https:\/\/www.pagodepenarrubia.com\/ja\/%e5%80%8b%e4%ba%ba%e6%83%85%e5%a0%b1%e4%bf%9d%e8%ad%b7%e6%96%b9%e9%87%9d\/","og_site_name":"Pago de Pe\u00f1arrubia","article_modified_time":"2021-01-24T14:05:40+00:00","og_image":[{"width":800,"height":533,"url":"https:\/\/www.pagodepenarrubia.com\/wp-content\/uploads\/FincaOctubre-1036-1.jpg","type":"image\/jpeg"}],"twitter_card":"summary_large_image","twitter_misc":{"\u63a8\u5b9a\u8aad\u307f\u53d6\u308a\u6642\u9593":"8\u5206"},"schema":{"@context":"https:\/\/schema.org","@graph":[{"@type":"WebPage","@id":"https:\/\/www.pagodepenarrubia.com\/ja\/%e5%80%8b%e4%ba%ba%e6%83%85%e5%a0%b1%e4%bf%9d%e8%ad%b7%e6%96%b9%e9%87%9d\/","url":"https:\/\/www.pagodepenarrubia.com\/ja\/%e5%80%8b%e4%ba%ba%e6%83%85%e5%a0%b1%e4%bf%9d%e8%ad%b7%e6%96%b9%e9%87%9d\/","name":"\u500b\u4eba\u60c5\u5831\u4fdd\u8b77\u65b9\u91dd - Pago de Pe\u00f1arrubia","isPartOf":{"@id":"https:\/\/www.pagodepenarrubia.com\/ja\/#website"},"datePublished":"2021-01-19T21:05:12+00:00","dateModified":"2021-01-24T14:05:40+00:00","breadcrumb":{"@id":"https:\/\/www.pagodepenarrubia.com\/ja\/%e5%80%8b%e4%ba%ba%e6%83%85%e5%a0%b1%e4%bf%9d%e8%ad%b7%e6%96%b9%e9%87%9d\/#breadcrumb"},"inLanguage":"ja","potentialAction":[{"@type":"ReadAction","target":["https:\/\/www.pagodepenarrubia.com\/ja\/%e5%80%8b%e4%ba%ba%e6%83%85%e5%a0%b1%e4%bf%9d%e8%ad%b7%e6%96%b9%e9%87%9d\/"]}]},{"@type":"BreadcrumbList","@id":"https:\/\/www.pagodepenarrubia.com\/ja\/%e5%80%8b%e4%ba%ba%e6%83%85%e5%a0%b1%e4%bf%9d%e8%ad%b7%e6%96%b9%e9%87%9d\/#breadcrumb","itemListElement":[{"@type":"ListItem","position":1,"name":"Portada","item":"https:\/\/www.pagodepenarrubia.com\/ja\/"},{"@type":"ListItem","position":2,"name":"\u500b\u4eba\u60c5\u5831\u4fdd\u8b77\u65b9\u91dd"}]},{"@type":"WebSite","@id":"https:\/\/www.pagodepenarrubia.com\/ja\/#website","url":"https:\/\/www.pagodepenarrubia.com\/ja\/","name":"Pago de Pe\u00f1arrubia","description":"Tienda de aceite oliva virgen extra ecol\u00f3gico gourmet","publisher":{"@id":"https:\/\/www.pagodepenarrubia.com\/ja\/#organization"},"alternateName":"Pago Pe\u00f1arrubias","potentialAction":[{"@type":"SearchAction","target":{"@type":"EntryPoint","urlTemplate":"https:\/\/www.pagodepenarrubia.com\/ja\/?s={search_term_string}"},"query-input":"required name=search_term_string"}],"inLanguage":"ja"},{"@type":"Organization","@id":"https:\/\/www.pagodepenarrubia.com\/ja\/#organization","name":"Pago de Pe\u00f1arrubias","alternateName":"Pe\u00f1arrubias","url":"https:\/\/www.pagodepenarrubia.com\/ja\/","logo":{"@type":"ImageObject","inLanguage":"ja","@id":"https:\/\/www.pagodepenarrubia.com\/ja\/#\/schema\/logo\/image\/","url":"https:\/\/www.pagodepenarrubia.com\/wp-content\/uploads\/favicon_penarrubia.png","contentUrl":"https:\/\/www.pagodepenarrubia.com\/wp-content\/uploads\/favicon_penarrubia.png","width":334,"height":334,"caption":"Pago de Pe\u00f1arrubias"},"image":{"@id":"https:\/\/www.pagodepenarrubia.com\/ja\/#\/schema\/logo\/image\/"}}]}},"_links":{"self":[{"href":"https:\/\/www.pagodepenarrubia.com\/ja\/wp-json\/wp\/v2\/pages\/10131"}],"collection":[{"href":"https:\/\/www.pagodepenarrubia.com\/ja\/wp-json\/wp\/v2\/pages"}],"about":[{"href":"https:\/\/www.pagodepenarrubia.com\/ja\/wp-json\/wp\/v2\/types\/page"}],"author":[{"embeddable":true,"href":"https:\/\/www.pagodepenarrubia.com\/ja\/wp-json\/wp\/v2\/users\/51"}],"replies":[{"embeddable":true,"href":"https:\/\/www.pagodepenarrubia.com\/ja\/wp-json\/wp\/v2\/comments?post=10131"}],"version-history":[{"count":2,"href":"https:\/\/www.pagodepenarrubia.com\/ja\/wp-json\/wp\/v2\/pages\/10131\/revisions"}],"predecessor-version":[{"id":10133,"href":"https:\/\/www.pagodepenarrubia.com\/ja\/wp-json\/wp\/v2\/pages\/10131\/revisions\/10133"}],"wp:attachment":[{"href":"https:\/\/www.pagodepenarrubia.com\/ja\/wp-json\/wp\/v2\/media?parent=10131"}],"curies":[{"name":"wp","href":"https:\/\/api.w.org\/{rel}","templated":true}]}}