{"id":10016,"date":"2021-01-19T13:40:08","date_gmt":"2021-01-19T12:40:08","guid":{"rendered":"https:\/\/www.pagodepenarrubia.com\/%e5%88%a9%e7%94%a8%e8%a6%8f%e7%b4%84\/"},"modified":"2021-01-24T15:02:28","modified_gmt":"2021-01-24T14:02:28","slug":"%e5%88%a9%e7%94%a8%e8%a6%8f%e7%b4%84","status":"publish","type":"page","link":"https:\/\/www.pagodepenarrubia.com\/ja\/%e5%88%a9%e7%94%a8%e8%a6%8f%e7%b4%84\/","title":{"rendered":"\u5229\u7528\u898f\u7d04"},"content":{"rendered":"[vc_row thb_divider_position=&#8221;bottom&#8221; css=&#8221;.vc_custom_1610743297441{padding-top: 50px !important;}&#8221;][vc_column][vc_column_text]\n<h2 style=\"text-align: center;\"><strong>T\u00c9RMINOS DE USO<\/strong><\/h2>\n[\/vc_column_text][vc_column_text]&nbsp;<\/p>\n<p><strong>INTRODUCCI\u00d3N<\/strong><\/p>\n<p><strong>La aceptaci\u00f3n del presente documento contractual<\/strong>, que regir\u00e1 en la contrataci\u00f3n de productos a trav\u00e9s del sitio web www.pagodepenarrubia.es \u00a0<strong>conlleva que el usuario ha le\u00eddo y comprende lo aqu\u00ed expuesto.<\/strong>\u00a0As\u00ed mismo posee la capacidad necesaria para contratar asumiendo todas las obligaciones que se recogen en dicho documento.<\/p>\n<p>Igualmente\u00a0<strong>el prestador se reserva el derecho a modificar las condiciones de uso de la web sin que ello pueda afectar los bienes o promociones que fueron adquiridos previamente a la modificaci\u00f3n<\/strong>. Por este motivo es su responsabilidad leerlas peri\u00f3dicamente ya que las condiciones vigentes en el momento de uso del sitio web o de la celebraci\u00f3n del contrato ser\u00e1n las que se le aplicar\u00e1n.<\/p>\n<p>&nbsp;<\/p>\n<p><strong>IDENTIDAD DE LAS PARTES<\/strong><\/p>\n<p>Por una parte est\u00e1 la empresa Pago de Pe\u00f1arrubia S.L. est\u00e1 domiciliada en la Ctra. de Mahora, km 3 C.P. 0207 Albacete con CIF B02555753 Inscrita en el Registro Mercantil de Albacete, tomo 944, libro 708, folio 16, Hoja AB-24.112 Inscripci\u00f3n 1\u00aa.<\/p>\n<p>Los datos personales que sean facilitados por el internauta ser\u00e1n tratados de acuerdo con la <a href=\"https:\/\/www.pagodepenarrubia.com\/ja\/%e5%80%8b%e4%ba%ba%e6%83%85%e5%a0%b1%e4%bf%9d%e8%ad%b7%e6%96%b9%e9%87%9d\/\">Pol\u00edtica de Privacidad<\/a> que se recoge en la propia web de Pago de Pe\u00f1arrubia. As\u00ed mismo al utilizar nuestra web se hace responsable de la veracidad de la informaci\u00f3n aportada sobre usted.<\/p>\n<p>&nbsp;<\/p>\n<p><strong>OBJETO DEL CONTRATO<\/strong><\/p>\n<p>Este documento va a regular la relaci\u00f3n contractual de compraventa nacida entre el prestador y el usuario en el momento en el que \u00e9ste acepta durante el proceso de contrataci\u00f3n online la casilla correspondiente.<\/p>\n<p>La relaci\u00f3n contractual de compraventa conlleva la entrega, a cambio de un precio determinado y p\u00fablicamente expuesto a trav\u00e9s del sitio web, de un producto o servicio concreto.<\/p>\n<p>&nbsp;<\/p>\n<p><strong>PROCEDIMIENTO DE CONTRATACI\u00d3N<\/strong><\/p>\n<p>El procedimiento de contrataci\u00f3n \u00fanicamente podr\u00e1 ser realizado en el idioma castellano e ingl\u00e9s. En caso de que pudiera llevarse a cabo en cualquier otro idioma ser\u00e1 indicado antes de iniciar el procedimiento de contrataci\u00f3n.<\/p>\n<p><strong>Ordenar un pedido implica la aceptaci\u00f3n completa e incondicional de las condiciones generales de venta<\/strong>. Por tanto el comprador no impondr\u00e1 condiciones contrarias al vendedor, a menos que hayan sido expresamente aceptadas, independientemente de cu\u00e1ndo sean mandadas a su atenci\u00f3n.<\/p>\n<p>Se informa que de conformidad con el\u00a0<strong>art\u00edculo 27 de la Ley 34\/2002 de Servicios de la Sociedad de la Informaci\u00f3n y del Comercio Electr\u00f3nico<\/strong>, el procedimiento de contrataci\u00f3n seguir\u00e1 los pasos siguientes:<\/p>\n<p><strong>1. Tramitaci\u00f3n del pedido<\/strong><\/p>\n<p>Una vez finalizado el proceso de selecci\u00f3n de art\u00edculos se pasa al apartado de confirmaci\u00f3n del pedido. Aqu\u00ed se le solicita al cliente que se identifique en caso de que se hubiera registrado antes, o en caso contrario se le pide que se registre. Esta confirmaci\u00f3n hace que el acuerdo entre las partes sea total.<\/p>\n<p><strong>2. Registro de clientes<\/strong><\/p>\n<p>El cliente se registra rellenando en un formulario sus datos personales y de pago, d\u00e1ndose de alta en el sistema con un nombre de usuario y una clave determinada. El usuario se ha de comprometer a hacer uso diligente de los mismos y no ponerlos a disposici\u00f3n de terceros, as\u00ed como a comunicar al prestador la p\u00e9rdida, robo o el posible acceso no autorizado de un tercero, para que as\u00ed se proceda al bloqueo de la plataforma de forma inmediata.<\/p>\n<p><strong>3. Cesta de la compra<\/strong><\/p>\n<p>Los art\u00edculos que se deseen adquirir deber\u00e1n ser seleccionados y a\u00f1adidos a la bolsa de la compra mediante un clic sobre el icono correspondiente.<\/p>\n<p>En todo caso<strong>\u00a0la plataforma de contrataci\u00f3n del prestador informar\u00e1 al usuario, una vez finalizado el procedimiento de contrataci\u00f3n, por v\u00eda correo electr\u00f3nico respecto a todas las caracter\u00edsticas, precio, formas de transporte, fecha de contrataci\u00f3n y estimaci\u00f3n de entrega del producto o servicio contratado.<\/strong><\/p>\n<p>Los productos aparecidos en la web son ofertados en tiempo real, es decir todos los productos se encuentran disponibles en nuestros almacenes.\u00a0En caso de falta de existencias de cualquier producto, el cliente podr\u00e1 realizar un pedido de reserva llam\u00e1ndonos o escribiendo a <a href=\"mailto:info@pagodepenarrubia.com\">info@pagodepenarrubia.com<\/a> Si el cliente ya haya realizado el pago y en su defecto no hubiese <em>stock<\/em> para poder hacerse la entrega en un plazo de 5 d\u00edas h\u00e1biles, puede llamarnos al +34 967217661 y le devolveremos el importe.<\/p>\n<p>&nbsp;<\/p>\n<p><strong>ENTREGA DE PEDIDOS<\/strong><\/p>\n<p>Se llevar\u00e1 a cabo una vez comprobado el pago, y se realizar\u00e1 a trav\u00e9s de nuestra empresa de transporte. Todos los env\u00edos ir\u00e1n asegurados.<\/p>\n<p><strong>La entrega del pedido se realizar\u00e1 en el domicilio designado libremente por el usuario.<\/strong>\u00a0As\u00ed el prestador no asume responsabilidad alguna cuando la entrega no llegue a realizarse como consecuencia de que los datos facilitados sean falsos, inexactos o incompletos o cuando la entrega no pueda efectuarse por causas ajenas a la empresa de env\u00edos como es la ausencia del destinatario.<\/p>\n<p><strong>Si se detecta alg\u00fan deterioro o defecto en el paquete recibido, deber\u00e1 hacerlo constar antes de firmar el resguardo de recepci\u00f3n de env\u00edo<\/strong>. Una vez abierto el paquete deber\u00e1 comprobar que el estado de la mercanc\u00eda es correcto, de lo contrario deber\u00e1 comunic\u00e1rnoslo en el plazo de 24 horas a partir de la recepci\u00f3n del env\u00edo. Pago de Pe\u00f1arrubia S.L.\u00a0no se har\u00e1 responsable en modo alguno, si no se cumplen las advertencias citadas anteriormente.<\/p>\n<p>Si por alg\u00fan motivo no pudi\u00e9semos cumplir con la fecha de entrega le informaremos de esta circunstancia y le daremos la opci\u00f3n de seguir adelante con la compra estableciendo una nueva fecha o bien de anular el pedido con el reembolso total del precio pagado.<\/p>\n<p>&nbsp;<\/p>\n<p><strong>PRECIO Y PLAZO DE VALIDEZ DE LA OFERTA<\/strong><\/p>\n<p><strong>Los precios que se indican respecto a cada producto incluyen el IVA legalmente establecido<\/strong>. Sin embargo dichos gastos, salvo que se indiquen expresamente lo contrario, no incluyen los gastos de env\u00edo, manipulaci\u00f3n, envoltorio, seguro de env\u00edos o cualesquiera otros servicios adicionales y anexos al producto o servicio adquirido. Estos importes se aplicar\u00e1n al finalizar el carro de la compra ya que el transporte va relacionado al peso total del pedido.<\/p>\n<p>Los precios aplicables a cada producto ser\u00e1n los publicados en el sitio web y aplicados de forma autom\u00e1tica por el proceso de contrataci\u00f3n en la \u00faltima fase del mismo. El cliente asume que en todo caso la valoraci\u00f3n econ\u00f3mica de algunos productos podr\u00e1 variar en tiempo real. En todo caso esto ser\u00e1 siempre comunicado previamente a los usuarios.<\/p>\n<p>Si se descubre un error en el precio de compra de un producto que usted encarg\u00f3 le informaremos con la mayor brevedad posible para que nos reconfirme el pedido o lo anule.<\/p>\n<p><strong>\u00danicamente aceptar\u00e1n pagos realizados a trav\u00e9s de tarjeta de cr\u00e9dito o d\u00e9bito (Visa, Visa Electron, MasterCard o AMEX) o mediante PayPal, giro o transferencia bancaria.<\/strong><\/p>\n<p>Todo pago realizado por el prestador conllevar\u00e1 la emisi\u00f3n de una factura a nombre del usuario registrado. Dicha factura ser\u00e1 autom\u00e1ticamente remitida a la direcci\u00f3n de correo electr\u00f3nico proporcionada por el usuario, as\u00ed como enviada junto al producto adquirido.<\/p>\n<p>Para cualquier informaci\u00f3n acerca del pedido, el usuario contar\u00e1 con el tel\u00e9fono de atenci\u00f3n al cliente\u00a0+34 967217661\u00a0o v\u00eda correo electr\u00f3nico\u00a0info@pagodepenarrubia.com\u00a0En todo caso deber\u00e1 de enviarse el asunto en el mensaje o a la tele-operadora el n\u00famero de pedido que fuese asignado indicando en el correo electr\u00f3nico de confirmaci\u00f3n de la compra.<\/p>\n<p>&nbsp;<\/p>\n<p><strong>DERECHO DE DESISTIMIENTO<\/strong><\/p>\n<p>Con arreglo a la normativa aplicable si usted est\u00e1 contratando como consumidor\u00a0<strong>podr\u00e1 desistir el contrato en cualquier momento dentro del plazo de 14 d\u00edas naturales desde la fecha de entrega del pedido.<\/strong><\/p>\n<p>Podr\u00e1 acreditar el ejercicio del derecho de desistimiento en cualquier forma admitida en derecho consider\u00e1ndose v\u00e1lidamente ejercitado mediante el env\u00edo de un formulario de devoluci\u00f3n que le facilitamos. Una vez impreso el mismo el cliente deber\u00e1 rellenarlo y adjuntarlo a su devoluci\u00f3n.<\/p>\n<p>Los gastos directos ocasionados por la devoluci\u00f3n ser\u00e1n abonados por el cliente, no siendo objeto de devoluci\u00f3n el importe pagado por el cliente en concepto de gastos de env\u00edo (ida y vuelta).<\/p>\n<p><strong>No se aceptar\u00e1n devoluciones si los embalajes del producto y todos sus componentes no son los originales o si estos no se encuentran o no est\u00e1n en perfecto estado<\/strong>. No utilice precintos o cintas adhesivas sobre los mismos.<\/p>\n<p>Una vez revisada la mercanc\u00eda,\u00a0<strong>el importe de la compra ser\u00e1 devuelto en el plazo m\u00e1ximo de treinta d\u00edas desde la recepci\u00f3n de la mercanc\u00eda devuelta.<\/strong><\/p>\n<p>&nbsp;<\/p>\n<p><strong>POL\u00cdTICA DE COOKIES<\/strong><\/p>\n<p>Pago de Pe\u00f1arrubia S.L. por su propia cuenta o la de un tercero contratado para prestaci\u00f3n de servicios de medici\u00f3n, pueden utilizar cookies cuando el usuario navega por el sitio web. <strong>Las cookies son ficheros enviados al navegador por medio de un servicio web con la finalidad de registrar las actividades del usuario durante su tiempo de navegaci\u00f3n.<\/strong><\/p>\n<p>Las cookies utilizadas se asocian \u00fanicamente con un usuario an\u00f3nimo y su ordenador, y no proporcionan por s\u00ed mismas los datos personales del usuario.<\/p>\n<p>Mediante el uso de las cookies resulta posible que el servidor donde se encuentra la web reconozca el navegador web utilizado por el usuario con la finalidad de que la navegaci\u00f3n sea m\u00e1s sencilla. Se utilizan tambi\u00e9n para medir la audiencia y par\u00e1metros del tr\u00e1fico, controlar el proceso y n\u00famero de entradas.<\/p>\n<p><strong>El usuario tiene la posibilidad de configurar su navegador para ser avisado de la recepci\u00f3n de cookies y para impedir su instalaci\u00f3n en su equipo.<\/strong>\u00a0Por favor consulte las instrucciones y manuales de su navegador para ampliar esta informaci\u00f3n.<\/p>\n<p>En todo caso las cookies tienen un car\u00e1cter temporal con la \u00fanica finalidad de hacer m\u00e1s eficaz su transmisi\u00f3n ulterior. En ning\u00fan caso se utilizar\u00e1 cookies para recoger informaci\u00f3n de car\u00e1cter personal.<\/p>\n<p>&nbsp;<\/p>\n<p><strong>LEY APLICABLE Y JURISDICCI\u00d3N<\/strong><\/p>\n<p>El presente contrato\u00a0<strong>se rige por la legislaci\u00f3n espa\u00f1ola aplicable.<\/strong>\u00a0Las partes acuerdan someterse para la resoluci\u00f3n de cualquier controversia, conflicto, o reclamaci\u00f3n derivada del presente contrato a los juzgados y tribunales de Albacete por ser el lugar de celebraci\u00f3n del contrato y de prestaci\u00f3n de los servicios objeto del presente contrato.[\/vc_column_text][\/vc_column][\/vc_row]\n","protected":false},"excerpt":{"rendered":"<p>[vc_row thb_divider_position=&#8221;bottom&#8221; css=&#038;&hellip;<\/p>\n","protected":false},"author":51,"featured_media":0,"parent":0,"menu_order":0,"comment_status":"closed","ping_status":"closed","template":"","meta":[],"yoast_head":"<!-- This site is optimized with the Yoast SEO plugin v20.6 - https:\/\/yoast.com\/wordpress\/plugins\/seo\/ -->\n<title>\u5229\u7528\u898f\u7d04 - Pago de Pe\u00f1arrubia<\/title>\n<meta name=\"robots\" content=\"index, follow, max-snippet:-1, max-image-preview:large, max-video-preview:-1\" \/>\n<link rel=\"canonical\" href=\"https:\/\/www.pagodepenarrubia.com\/ja\/%e5%88%a9%e7%94%a8%e8%a6%8f%e7%b4%84\/\" \/>\n<meta property=\"og:locale\" content=\"ja_JP\" \/>\n<meta property=\"og:type\" content=\"article\" \/>\n<meta property=\"og:title\" content=\"\u5229\u7528\u898f\u7d04 - Pago de Pe\u00f1arrubia\" \/>\n<meta property=\"og:description\" content=\"[vc_row thb_divider_position=&#8221;bottom&#8221; css=&amp;&hellip;\" \/>\n<meta property=\"og:url\" content=\"https:\/\/www.pagodepenarrubia.com\/ja\/%e5%88%a9%e7%94%a8%e8%a6%8f%e7%b4%84\/\" \/>\n<meta property=\"og:site_name\" content=\"Pago de Pe\u00f1arrubia\" \/>\n<meta property=\"article:modified_time\" content=\"2021-01-24T14:02:28+00:00\" \/>\n<meta property=\"og:image\" content=\"https:\/\/www.pagodepenarrubia.com\/wp-content\/uploads\/FincaOctubre-1036-1.jpg\" \/>\n\t<meta property=\"og:image:width\" content=\"800\" \/>\n\t<meta property=\"og:image:height\" content=\"533\" \/>\n\t<meta property=\"og:image:type\" content=\"image\/jpeg\" \/>\n<meta name=\"twitter:card\" content=\"summary_large_image\" \/>\n<meta name=\"twitter:label1\" content=\"\u63a8\u5b9a\u8aad\u307f\u53d6\u308a\u6642\u9593\" \/>\n\t<meta name=\"twitter:data1\" content=\"9\u5206\" \/>\n<script type=\"application\/ld+json\" class=\"yoast-schema-graph\">{\"@context\":\"https:\/\/schema.org\",\"@graph\":[{\"@type\":\"WebPage\",\"@id\":\"https:\/\/www.pagodepenarrubia.com\/ja\/%e5%88%a9%e7%94%a8%e8%a6%8f%e7%b4%84\/\",\"url\":\"https:\/\/www.pagodepenarrubia.com\/ja\/%e5%88%a9%e7%94%a8%e8%a6%8f%e7%b4%84\/\",\"name\":\"\u5229\u7528\u898f\u7d04 - Pago de Pe\u00f1arrubia\",\"isPartOf\":{\"@id\":\"https:\/\/www.pagodepenarrubia.com\/ja\/#website\"},\"datePublished\":\"2021-01-19T12:40:08+00:00\",\"dateModified\":\"2021-01-24T14:02:28+00:00\",\"breadcrumb\":{\"@id\":\"https:\/\/www.pagodepenarrubia.com\/ja\/%e5%88%a9%e7%94%a8%e8%a6%8f%e7%b4%84\/#breadcrumb\"},\"inLanguage\":\"ja\",\"potentialAction\":[{\"@type\":\"ReadAction\",\"target\":[\"https:\/\/www.pagodepenarrubia.com\/ja\/%e5%88%a9%e7%94%a8%e8%a6%8f%e7%b4%84\/\"]}]},{\"@type\":\"BreadcrumbList\",\"@id\":\"https:\/\/www.pagodepenarrubia.com\/ja\/%e5%88%a9%e7%94%a8%e8%a6%8f%e7%b4%84\/#breadcrumb\",\"itemListElement\":[{\"@type\":\"ListItem\",\"position\":1,\"name\":\"Portada\",\"item\":\"https:\/\/www.pagodepenarrubia.com\/ja\/\"},{\"@type\":\"ListItem\",\"position\":2,\"name\":\"\u5229\u7528\u898f\u7d04\"}]},{\"@type\":\"WebSite\",\"@id\":\"https:\/\/www.pagodepenarrubia.com\/ja\/#website\",\"url\":\"https:\/\/www.pagodepenarrubia.com\/ja\/\",\"name\":\"Pago de Pe\u00f1arrubia\",\"description\":\"Tienda de aceite oliva virgen extra ecol\u00f3gico gourmet\",\"publisher\":{\"@id\":\"https:\/\/www.pagodepenarrubia.com\/ja\/#organization\"},\"alternateName\":\"Pago Pe\u00f1arrubias\",\"potentialAction\":[{\"@type\":\"SearchAction\",\"target\":{\"@type\":\"EntryPoint\",\"urlTemplate\":\"https:\/\/www.pagodepenarrubia.com\/ja\/?s={search_term_string}\"},\"query-input\":\"required name=search_term_string\"}],\"inLanguage\":\"ja\"},{\"@type\":\"Organization\",\"@id\":\"https:\/\/www.pagodepenarrubia.com\/ja\/#organization\",\"name\":\"Pago de Pe\u00f1arrubias\",\"alternateName\":\"Pe\u00f1arrubias\",\"url\":\"https:\/\/www.pagodepenarrubia.com\/ja\/\",\"logo\":{\"@type\":\"ImageObject\",\"inLanguage\":\"ja\",\"@id\":\"https:\/\/www.pagodepenarrubia.com\/ja\/#\/schema\/logo\/image\/\",\"url\":\"https:\/\/www.pagodepenarrubia.com\/wp-content\/uploads\/favicon_penarrubia.png\",\"contentUrl\":\"https:\/\/www.pagodepenarrubia.com\/wp-content\/uploads\/favicon_penarrubia.png\",\"width\":334,\"height\":334,\"caption\":\"Pago de Pe\u00f1arrubias\"},\"image\":{\"@id\":\"https:\/\/www.pagodepenarrubia.com\/ja\/#\/schema\/logo\/image\/\"}}]}<\/script>\n<!-- \/ Yoast SEO plugin. -->","yoast_head_json":{"title":"\u5229\u7528\u898f\u7d04 - Pago de Pe\u00f1arrubia","robots":{"index":"index","follow":"follow","max-snippet":"max-snippet:-1","max-image-preview":"max-image-preview:large","max-video-preview":"max-video-preview:-1"},"canonical":"https:\/\/www.pagodepenarrubia.com\/ja\/%e5%88%a9%e7%94%a8%e8%a6%8f%e7%b4%84\/","og_locale":"ja_JP","og_type":"article","og_title":"\u5229\u7528\u898f\u7d04 - Pago de Pe\u00f1arrubia","og_description":"[vc_row thb_divider_position=&#8221;bottom&#8221; css=&&hellip;","og_url":"https:\/\/www.pagodepenarrubia.com\/ja\/%e5%88%a9%e7%94%a8%e8%a6%8f%e7%b4%84\/","og_site_name":"Pago de Pe\u00f1arrubia","article_modified_time":"2021-01-24T14:02:28+00:00","og_image":[{"width":800,"height":533,"url":"https:\/\/www.pagodepenarrubia.com\/wp-content\/uploads\/FincaOctubre-1036-1.jpg","type":"image\/jpeg"}],"twitter_card":"summary_large_image","twitter_misc":{"\u63a8\u5b9a\u8aad\u307f\u53d6\u308a\u6642\u9593":"9\u5206"},"schema":{"@context":"https:\/\/schema.org","@graph":[{"@type":"WebPage","@id":"https:\/\/www.pagodepenarrubia.com\/ja\/%e5%88%a9%e7%94%a8%e8%a6%8f%e7%b4%84\/","url":"https:\/\/www.pagodepenarrubia.com\/ja\/%e5%88%a9%e7%94%a8%e8%a6%8f%e7%b4%84\/","name":"\u5229\u7528\u898f\u7d04 - Pago de Pe\u00f1arrubia","isPartOf":{"@id":"https:\/\/www.pagodepenarrubia.com\/ja\/#website"},"datePublished":"2021-01-19T12:40:08+00:00","dateModified":"2021-01-24T14:02:28+00:00","breadcrumb":{"@id":"https:\/\/www.pagodepenarrubia.com\/ja\/%e5%88%a9%e7%94%a8%e8%a6%8f%e7%b4%84\/#breadcrumb"},"inLanguage":"ja","potentialAction":[{"@type":"ReadAction","target":["https:\/\/www.pagodepenarrubia.com\/ja\/%e5%88%a9%e7%94%a8%e8%a6%8f%e7%b4%84\/"]}]},{"@type":"BreadcrumbList","@id":"https:\/\/www.pagodepenarrubia.com\/ja\/%e5%88%a9%e7%94%a8%e8%a6%8f%e7%b4%84\/#breadcrumb","itemListElement":[{"@type":"ListItem","position":1,"name":"Portada","item":"https:\/\/www.pagodepenarrubia.com\/ja\/"},{"@type":"ListItem","position":2,"name":"\u5229\u7528\u898f\u7d04"}]},{"@type":"WebSite","@id":"https:\/\/www.pagodepenarrubia.com\/ja\/#website","url":"https:\/\/www.pagodepenarrubia.com\/ja\/","name":"Pago de Pe\u00f1arrubia","description":"Tienda de aceite oliva virgen extra ecol\u00f3gico gourmet","publisher":{"@id":"https:\/\/www.pagodepenarrubia.com\/ja\/#organization"},"alternateName":"Pago Pe\u00f1arrubias","potentialAction":[{"@type":"SearchAction","target":{"@type":"EntryPoint","urlTemplate":"https:\/\/www.pagodepenarrubia.com\/ja\/?s={search_term_string}"},"query-input":"required name=search_term_string"}],"inLanguage":"ja"},{"@type":"Organization","@id":"https:\/\/www.pagodepenarrubia.com\/ja\/#organization","name":"Pago de Pe\u00f1arrubias","alternateName":"Pe\u00f1arrubias","url":"https:\/\/www.pagodepenarrubia.com\/ja\/","logo":{"@type":"ImageObject","inLanguage":"ja","@id":"https:\/\/www.pagodepenarrubia.com\/ja\/#\/schema\/logo\/image\/","url":"https:\/\/www.pagodepenarrubia.com\/wp-content\/uploads\/favicon_penarrubia.png","contentUrl":"https:\/\/www.pagodepenarrubia.com\/wp-content\/uploads\/favicon_penarrubia.png","width":334,"height":334,"caption":"Pago de Pe\u00f1arrubias"},"image":{"@id":"https:\/\/www.pagodepenarrubia.com\/ja\/#\/schema\/logo\/image\/"}}]}},"_links":{"self":[{"href":"https:\/\/www.pagodepenarrubia.com\/ja\/wp-json\/wp\/v2\/pages\/10016"}],"collection":[{"href":"https:\/\/www.pagodepenarrubia.com\/ja\/wp-json\/wp\/v2\/pages"}],"about":[{"href":"https:\/\/www.pagodepenarrubia.com\/ja\/wp-json\/wp\/v2\/types\/page"}],"author":[{"embeddable":true,"href":"https:\/\/www.pagodepenarrubia.com\/ja\/wp-json\/wp\/v2\/users\/51"}],"replies":[{"embeddable":true,"href":"https:\/\/www.pagodepenarrubia.com\/ja\/wp-json\/wp\/v2\/comments?post=10016"}],"version-history":[{"count":7,"href":"https:\/\/www.pagodepenarrubia.com\/ja\/wp-json\/wp\/v2\/pages\/10016\/revisions"}],"predecessor-version":[{"id":10240,"href":"https:\/\/www.pagodepenarrubia.com\/ja\/wp-json\/wp\/v2\/pages\/10016\/revisions\/10240"}],"wp:attachment":[{"href":"https:\/\/www.pagodepenarrubia.com\/ja\/wp-json\/wp\/v2\/media?parent=10016"}],"curies":[{"name":"wp","href":"https:\/\/api.w.org\/{rel}","templated":true}]}}