{"id":934,"date":"2016-12-12T16:36:05","date_gmt":"2016-12-12T16:36:05","guid":{"rendered":"https:\/\/www.pagodepenarrubia.com\/en\/?page_id=934"},"modified":"2024-10-28T11:54:20","modified_gmt":"2024-10-28T10:54:20","slug":"the-shop","status":"publish","type":"page","link":"https:\/\/www.pagodepenarrubia.com\/en\/the-shop\/","title":{"rendered":"Shop"},"content":{"rendered":"[vc_row thb_full_width=&#8221;true&#8221; parallax=&#8221;content-moving&#8221; parallax_image=&#8221;444&#8243; thb_divider_position=&#8221;bottom&#8221; css=&#8221;.vc_custom_1531910339749{padding-top: 20vh !important;padding-bottom: 20vh !important;background-image: url(https:\/\/www.pagodepenarrubia.com\/wp-content\/uploads\/016_serrallefoto_RecogidaAceitunaPagoDePe\u00f1arrubia_7009.jpg?id=1755) !important;background-position: center;background-repeat: no-repeat !important;background-size: cover !important;}&#8221;][vc_column][vc_column_text]\n<h1 style=\"text-align: center;\">\n            <span style=\"color: #ffffff;\">Shop<\/span><br \/>\n          <\/h1>\n<p>          [vc_separator color=&#8221;white&#8221; border_width=&#8221;2&#8243; el_width=&#8221;50&#8243;][\/vc_column_text][\/vc_column][\/vc_row][vc_row thb_divider_position=&#8221;bottom&#8221; css=&#8221;.vc_custom_1548071710283{margin-top: 5vh !important;}&#8221;][vc_column][vc_column_text]\n<h1 style=\"text-align: center;\">\n            <span style=\"color: #000000; font-size: 24pt;\">Harvest 2023 \/ 2024<\/span><br \/>\n          <\/h1>\n<p>          [vc_separator color=&#8221;black&#8221; border_width=&#8221;1&#8243; el_width=&#8221;100&#8243;][\/vc_column_text][vc_column_text]\n<h3 style=\"text-align: center;\">\n            <span style=\"color: #000000; font-size: 18pt;\">Free shipping on orders over 40\u20ac in Spain.<\/span><br \/>\n          <\/h3>\n[\/vc_column_text][vc_column_text]\n<h3 style=\"text-align: center;\">\n            <span style=\"color: #000000; font-size: 18pt;\">30% discount on all 23\/24 harvest products.<\/span><br \/>\n          <\/h3>\n[\/vc_column_text][vc_column_text][\/vc_column_text][\/vc_column][\/vc_row][vc_row thb_divider_position=&#8221;bottom&#8221;][vc_column css=&#8221;.vc_custom_1515158334791{margin-bottom: 32px !important;}&#8221;]<div class=\"woocommerce columns-4 \"><div class=\"row\">\n<ul class=\"products row thb-main-products full-width-row small-up-1 medium-up-2 large-up-4\">\n<li class=\"column thb_hover style2 product type-product post-12435 status-publish first instock has-post-thumbnail taxable shipping-taxable purchasable product-type-variable\">\n\t<div class=\"product_holder\"><a rel=\"nofollow\" href=\"https:\/\/www.pagodepenarrubia.com\/en\/producto\/arbequina-500ml-copia\/\" data-quantity=\"1\" data-product_id=\"12435\" data-product_sku=\"312-1-1\" class=\"product_type_variable add_to_cart_button\"><div class=\"thb_button_icon\"><svg xmlns=\"http:\/\/www.w3.org\/2000\/svg\" viewBox=\"0 0 64 64\" enable-background=\"new 0 0 64 64\"><g fill=\"none\" stroke=\"#000\" stroke-width=\"2\" stroke-miterlimit=\"10\"><path d=\"m32 50v-36\"\/><path d=\"m14 32h36\"\/><\/g><\/svg><\/div> <span>Select options<\/span><\/a><\/div><div class=\"thb_title_holder\"><a href=\"https:\/\/www.pagodepenarrubia.com\/en\/producto\/arbequina-500ml-copia\/\" class=\"woocommerce-LoopProduct-link woocommerce-loop-product__link\"><\/a><\/div><\/li>\n<li class=\"column thb_hover style2 product type-product post-12441 status-publish instock has-post-thumbnail taxable shipping-taxable purchasable product-type-variable\">\n\t<div class=\"product_holder\"><a rel=\"nofollow\" href=\"https:\/\/www.pagodepenarrubia.com\/en\/producto\/coupage-500ml-copia\/\" data-quantity=\"1\" data-product_id=\"12441\" data-product_sku=\"30-1-1\" class=\"product_type_variable add_to_cart_button\"><div class=\"thb_button_icon\"><svg xmlns=\"http:\/\/www.w3.org\/2000\/svg\" viewBox=\"0 0 64 64\" enable-background=\"new 0 0 64 64\"><g fill=\"none\" stroke=\"#000\" stroke-width=\"2\" stroke-miterlimit=\"10\"><path d=\"m32 50v-36\"\/><path d=\"m14 32h36\"\/><\/g><\/svg><\/div> <span>Select options<\/span><\/a><\/div><div class=\"thb_title_holder\"><a href=\"https:\/\/www.pagodepenarrubia.com\/en\/producto\/coupage-500ml-copia\/\" class=\"woocommerce-LoopProduct-link woocommerce-loop-product__link\"><\/a><\/div><\/li>\n<li class=\"column thb_hover style2 product type-product post-12447 status-publish instock has-post-thumbnail taxable shipping-taxable purchasable product-type-variable\">\n\t<div class=\"product_holder\"><a rel=\"nofollow\" href=\"https:\/\/www.pagodepenarrubia.com\/en\/producto\/picual-500ml-copia\/\" data-quantity=\"1\" data-product_id=\"12447\" data-product_sku=\"50-1-1\" class=\"product_type_variable add_to_cart_button\"><div class=\"thb_button_icon\"><svg xmlns=\"http:\/\/www.w3.org\/2000\/svg\" viewBox=\"0 0 64 64\" enable-background=\"new 0 0 64 64\"><g fill=\"none\" stroke=\"#000\" stroke-width=\"2\" stroke-miterlimit=\"10\"><path d=\"m32 50v-36\"\/><path d=\"m14 32h36\"\/><\/g><\/svg><\/div> <span>Select options<\/span><\/a><\/div><div class=\"thb_title_holder\"><a href=\"https:\/\/www.pagodepenarrubia.com\/en\/producto\/picual-500ml-copia\/\" class=\"woocommerce-LoopProduct-link woocommerce-loop-product__link\"><\/a><\/div><\/li>\n<li class=\"column thb_hover style2 product type-product post-12505 status-publish last instock has-post-thumbnail taxable shipping-taxable purchasable product-type-variable\">\n\t<div class=\"product_holder\"><a rel=\"nofollow\" href=\"https:\/\/www.pagodepenarrubia.com\/en\/producto\/case-of-3-bottles\/\" data-quantity=\"1\" data-product_id=\"12505\" data-product_sku=\"\" class=\"product_type_variable add_to_cart_button\"><div class=\"thb_button_icon\"><svg xmlns=\"http:\/\/www.w3.org\/2000\/svg\" viewBox=\"0 0 64 64\" enable-background=\"new 0 0 64 64\"><g fill=\"none\" stroke=\"#000\" stroke-width=\"2\" stroke-miterlimit=\"10\"><path d=\"m32 50v-36\"\/><path d=\"m14 32h36\"\/><\/g><\/svg><\/div> <span>Select options<\/span><\/a><\/div><div class=\"thb_title_holder\"><a href=\"https:\/\/www.pagodepenarrubia.com\/en\/producto\/case-of-3-bottles\/\" class=\"woocommerce-LoopProduct-link woocommerce-loop-product__link\"><\/a><\/div><\/li>\n<\/ul>\n<\/div><\/div>[\/vc_column][\/vc_row]\n","protected":false},"excerpt":{"rendered":"<p>[vc_row thb_full_width=&#8221;true&#8221; parallax=&#8221;content-moving&#8221; parallax_image=&#8221;444&#8243; thb_divider_position=&#8221;bottom&#8221; css=&#8221;.vc_custom_1531910339749{padding-top: 20vh !important;padding-bottom: 20vh !important;background-image: url(https:\/\/www.pagodepenarrubia.com\/wp-content\/uploads\/016_serrallefoto_RecogidaAceitunaPagoDePe\u00f1arrubia_7009.jpg?id=1755) !important;background-position: center;background-repeat: no-repeat !important;background-size: cover !important;}&#8221;][vc_column][vc_column_text] Shop [vc_separator color=&#8221;white&#8221; border_width=&#8221;2&#8243; el_width=&#8221;50&#8243;][\/vc_column_text][\/vc_column][\/vc_row][vc_row thb_divider_position=&#8221;bottom&#8221; css=&#8221;.vc_custom_1548071710283{margin-top: 5vh !important;}&#8221;][vc_column][vc_column_text] Harvest 2023 \/ 2024 [vc_separator color=&#8221;black&#8221; border_width=&#8221;1&#8243; el_width=&#8221;100&#8243;][\/vc_column_text][vc_column_text] Free shipping on orders over 40\u20ac in Spain. [\/vc_column_text][vc_column_text] 30% discount on all 23\/24 harvest products. [\/vc_column_text][vc_column_text][\/vc_column_text][\/vc_column][\/vc_row][vc_row thb_divider_position=&#8221;bottom&#8221;][vc_column css=&#8221;.vc_custom_1515158334791{margin-bottom: 32px !important;}&#8221;][\/vc_column][\/vc_row]<\/p>\n","protected":false},"author":51,"featured_media":0,"parent":0,"menu_order":0,"comment_status":"closed","ping_status":"closed","template":"","meta":[],"yoast_head":"<!-- This site is optimized with the Yoast SEO plugin v20.6 - https:\/\/yoast.com\/wordpress\/plugins\/seo\/ -->\n<title>Shop - Pago de Pe\u00f1arrubia<\/title>\n<meta name=\"description\" content=\"Tienda de AOVE ecol\u00f3gico. Descubre nuestra selecci\u00f3n de aceites de oliva virgen extra org\u00e1nicos, ideales para tus recetas gourmet.\" \/>\n<meta name=\"robots\" content=\"index, follow, max-snippet:-1, max-image-preview:large, max-video-preview:-1\" \/>\n<link rel=\"canonical\" href=\"https:\/\/www.pagodepenarrubia.com\/en\/the-shop\/\" \/>\n<meta property=\"og:locale\" content=\"en_US\" \/>\n<meta property=\"og:type\" content=\"article\" \/>\n<meta property=\"og:title\" content=\"Shop - Pago de Pe\u00f1arrubia\" \/>\n<meta property=\"og:description\" content=\"Tienda de AOVE ecol\u00f3gico. Descubre nuestra selecci\u00f3n de aceites de oliva virgen extra org\u00e1nicos, ideales para tus recetas gourmet.\" \/>\n<meta property=\"og:url\" content=\"https:\/\/www.pagodepenarrubia.com\/en\/the-shop\/\" \/>\n<meta property=\"og:site_name\" content=\"Pago de Pe\u00f1arrubia\" \/>\n<meta property=\"article:modified_time\" content=\"2024-10-28T10:54:20+00:00\" \/>\n<meta property=\"og:image\" content=\"https:\/\/www.pagodepenarrubia.com\/wp-content\/uploads\/FincaOctubre-1036-1.jpg\" \/>\n\t<meta property=\"og:image:width\" content=\"800\" \/>\n\t<meta property=\"og:image:height\" content=\"533\" \/>\n\t<meta property=\"og:image:type\" content=\"image\/jpeg\" \/>\n<meta name=\"twitter:card\" content=\"summary_large_image\" \/>\n<meta name=\"twitter:label1\" content=\"Est. reading time\" \/>\n\t<meta name=\"twitter:data1\" content=\"1 minute\" \/>\n<script type=\"application\/ld+json\" class=\"yoast-schema-graph\">{\"@context\":\"https:\/\/schema.org\",\"@graph\":[{\"@type\":\"WebPage\",\"@id\":\"https:\/\/www.pagodepenarrubia.com\/en\/the-shop\/\",\"url\":\"https:\/\/www.pagodepenarrubia.com\/en\/the-shop\/\",\"name\":\"Shop - Pago de Pe\u00f1arrubia\",\"isPartOf\":{\"@id\":\"https:\/\/www.pagodepenarrubia.com\/en\/#website\"},\"datePublished\":\"2016-12-12T16:36:05+00:00\",\"dateModified\":\"2024-10-28T10:54:20+00:00\",\"description\":\"Tienda de AOVE ecol\u00f3gico. Descubre nuestra selecci\u00f3n de aceites de oliva virgen extra org\u00e1nicos, ideales para tus recetas gourmet.\",\"breadcrumb\":{\"@id\":\"https:\/\/www.pagodepenarrubia.com\/en\/the-shop\/#breadcrumb\"},\"inLanguage\":\"en-US\",\"potentialAction\":[{\"@type\":\"ReadAction\",\"target\":[\"https:\/\/www.pagodepenarrubia.com\/en\/the-shop\/\"]}]},{\"@type\":\"BreadcrumbList\",\"@id\":\"https:\/\/www.pagodepenarrubia.com\/en\/the-shop\/#breadcrumb\",\"itemListElement\":[{\"@type\":\"ListItem\",\"position\":1,\"name\":\"Portada\",\"item\":\"https:\/\/www.pagodepenarrubia.com\/en\/\"},{\"@type\":\"ListItem\",\"position\":2,\"name\":\"Shop\"}]},{\"@type\":\"WebSite\",\"@id\":\"https:\/\/www.pagodepenarrubia.com\/en\/#website\",\"url\":\"https:\/\/www.pagodepenarrubia.com\/en\/\",\"name\":\"Pago de Pe\u00f1arrubia\",\"description\":\"Tienda de aceite oliva virgen extra ecol\u00f3gico gourmet\",\"publisher\":{\"@id\":\"https:\/\/www.pagodepenarrubia.com\/en\/#organization\"},\"alternateName\":\"Pago Pe\u00f1arrubias\",\"potentialAction\":[{\"@type\":\"SearchAction\",\"target\":{\"@type\":\"EntryPoint\",\"urlTemplate\":\"https:\/\/www.pagodepenarrubia.com\/en\/?s={search_term_string}\"},\"query-input\":\"required name=search_term_string\"}],\"inLanguage\":\"en-US\"},{\"@type\":\"Organization\",\"@id\":\"https:\/\/www.pagodepenarrubia.com\/en\/#organization\",\"name\":\"Pago de Pe\u00f1arrubias\",\"alternateName\":\"Pe\u00f1arrubias\",\"url\":\"https:\/\/www.pagodepenarrubia.com\/en\/\",\"logo\":{\"@type\":\"ImageObject\",\"inLanguage\":\"en-US\",\"@id\":\"https:\/\/www.pagodepenarrubia.com\/en\/#\/schema\/logo\/image\/\",\"url\":\"https:\/\/www.pagodepenarrubia.com\/wp-content\/uploads\/favicon_penarrubia.png\",\"contentUrl\":\"https:\/\/www.pagodepenarrubia.com\/wp-content\/uploads\/favicon_penarrubia.png\",\"width\":334,\"height\":334,\"caption\":\"Pago de Pe\u00f1arrubias\"},\"image\":{\"@id\":\"https:\/\/www.pagodepenarrubia.com\/en\/#\/schema\/logo\/image\/\"}}]}<\/script>\n<!-- \/ Yoast SEO plugin. -->","yoast_head_json":{"title":"Shop - Pago de Pe\u00f1arrubia","description":"Tienda de AOVE ecol\u00f3gico. Descubre nuestra selecci\u00f3n de aceites de oliva virgen extra org\u00e1nicos, ideales para tus recetas gourmet.","robots":{"index":"index","follow":"follow","max-snippet":"max-snippet:-1","max-image-preview":"max-image-preview:large","max-video-preview":"max-video-preview:-1"},"canonical":"https:\/\/www.pagodepenarrubia.com\/en\/the-shop\/","og_locale":"en_US","og_type":"article","og_title":"Shop - Pago de Pe\u00f1arrubia","og_description":"Tienda de AOVE ecol\u00f3gico. Descubre nuestra selecci\u00f3n de aceites de oliva virgen extra org\u00e1nicos, ideales para tus recetas gourmet.","og_url":"https:\/\/www.pagodepenarrubia.com\/en\/the-shop\/","og_site_name":"Pago de Pe\u00f1arrubia","article_modified_time":"2024-10-28T10:54:20+00:00","og_image":[{"width":800,"height":533,"url":"https:\/\/www.pagodepenarrubia.com\/wp-content\/uploads\/FincaOctubre-1036-1.jpg","type":"image\/jpeg"}],"twitter_card":"summary_large_image","twitter_misc":{"Est. reading time":"1 minute"},"schema":{"@context":"https:\/\/schema.org","@graph":[{"@type":"WebPage","@id":"https:\/\/www.pagodepenarrubia.com\/en\/the-shop\/","url":"https:\/\/www.pagodepenarrubia.com\/en\/the-shop\/","name":"Shop - Pago de Pe\u00f1arrubia","isPartOf":{"@id":"https:\/\/www.pagodepenarrubia.com\/en\/#website"},"datePublished":"2016-12-12T16:36:05+00:00","dateModified":"2024-10-28T10:54:20+00:00","description":"Tienda de AOVE ecol\u00f3gico. Descubre nuestra selecci\u00f3n de aceites de oliva virgen extra org\u00e1nicos, ideales para tus recetas gourmet.","breadcrumb":{"@id":"https:\/\/www.pagodepenarrubia.com\/en\/the-shop\/#breadcrumb"},"inLanguage":"en-US","potentialAction":[{"@type":"ReadAction","target":["https:\/\/www.pagodepenarrubia.com\/en\/the-shop\/"]}]},{"@type":"BreadcrumbList","@id":"https:\/\/www.pagodepenarrubia.com\/en\/the-shop\/#breadcrumb","itemListElement":[{"@type":"ListItem","position":1,"name":"Portada","item":"https:\/\/www.pagodepenarrubia.com\/en\/"},{"@type":"ListItem","position":2,"name":"Shop"}]},{"@type":"WebSite","@id":"https:\/\/www.pagodepenarrubia.com\/en\/#website","url":"https:\/\/www.pagodepenarrubia.com\/en\/","name":"Pago de Pe\u00f1arrubia","description":"Tienda de aceite oliva virgen extra ecol\u00f3gico gourmet","publisher":{"@id":"https:\/\/www.pagodepenarrubia.com\/en\/#organization"},"alternateName":"Pago Pe\u00f1arrubias","potentialAction":[{"@type":"SearchAction","target":{"@type":"EntryPoint","urlTemplate":"https:\/\/www.pagodepenarrubia.com\/en\/?s={search_term_string}"},"query-input":"required name=search_term_string"}],"inLanguage":"en-US"},{"@type":"Organization","@id":"https:\/\/www.pagodepenarrubia.com\/en\/#organization","name":"Pago de Pe\u00f1arrubias","alternateName":"Pe\u00f1arrubias","url":"https:\/\/www.pagodepenarrubia.com\/en\/","logo":{"@type":"ImageObject","inLanguage":"en-US","@id":"https:\/\/www.pagodepenarrubia.com\/en\/#\/schema\/logo\/image\/","url":"https:\/\/www.pagodepenarrubia.com\/wp-content\/uploads\/favicon_penarrubia.png","contentUrl":"https:\/\/www.pagodepenarrubia.com\/wp-content\/uploads\/favicon_penarrubia.png","width":334,"height":334,"caption":"Pago de Pe\u00f1arrubias"},"image":{"@id":"https:\/\/www.pagodepenarrubia.com\/en\/#\/schema\/logo\/image\/"}}]}},"_links":{"self":[{"href":"https:\/\/www.pagodepenarrubia.com\/en\/wp-json\/wp\/v2\/pages\/934"}],"collection":[{"href":"https:\/\/www.pagodepenarrubia.com\/en\/wp-json\/wp\/v2\/pages"}],"about":[{"href":"https:\/\/www.pagodepenarrubia.com\/en\/wp-json\/wp\/v2\/types\/page"}],"author":[{"embeddable":true,"href":"https:\/\/www.pagodepenarrubia.com\/en\/wp-json\/wp\/v2\/users\/51"}],"replies":[{"embeddable":true,"href":"https:\/\/www.pagodepenarrubia.com\/en\/wp-json\/wp\/v2\/comments?post=934"}],"version-history":[{"count":84,"href":"https:\/\/www.pagodepenarrubia.com\/en\/wp-json\/wp\/v2\/pages\/934\/revisions"}],"predecessor-version":[{"id":12763,"href":"https:\/\/www.pagodepenarrubia.com\/en\/wp-json\/wp\/v2\/pages\/934\/revisions\/12763"}],"wp:attachment":[{"href":"https:\/\/www.pagodepenarrubia.com\/en\/wp-json\/wp\/v2\/media?parent=934"}],"curies":[{"name":"wp","href":"https:\/\/api.w.org\/{rel}","templated":true}]}}