{"id":12439,"date":"2023-12-29T13:00:11","date_gmt":"2023-12-29T12:00:12","guid":{"rendered":"https:\/\/www.pagodepenarrubia.com\/?post_type=product&#038;p=12439"},"modified":"2024-01-02T03:51:43","modified_gmt":"2024-01-02T02:51:43","slug":"coupage-500ml-copia","status":"publish","type":"product","link":"https:\/\/www.pagodepenarrubia.com\/de\/producto\/coupage-500ml-copia\/","title":{"rendered":"Coupage 500ml"},"content":{"rendered":"","protected":false},"excerpt":{"rendered":"<p><span style=\"font-size: 14pt;\">Oliven\u00f6l der gehobenen Kategorie. Ernte und gemahlen an der Quelle, direkt aus kleinen Mengen ausgew\u00e4hlter Oliven, nur durch mechanische Verfahren und durch Kaltextraktion.<\/span><\/p>\n<h4><span style=\"font-size: 14pt;\">SENSORISCHE ANALYSE<\/span><\/h4>\n<p><span style=\"font-size: 14pt;\">\u00d6l, das aus der Zusammensetzung zweier unserer Olivensorten (Arbequina und Picual) besteht, in Proportionen, die das Beste von jeder von ihnen hervorheben, wobei ein reifes, mittelfruchtiges \u00d6l mit gr\u00fcnen Noten erhalten wird. Vorwiegend den Apfel in der Nase und die Trockenfr\u00fcchte im Mund. Die Bitterkeit und der Juckreiz sind mittelgro\u00df, was es zu einem s\u00fc\u00dfen und angenehmen \u00d6l macht.<\/span><\/p>\n","protected":false},"featured_media":10524,"template":"","meta":[],"product_cat":[],"product_tag":[],"yoast_head":"<!-- This site is optimized with the Yoast SEO plugin v20.6 - https:\/\/yoast.com\/wordpress\/plugins\/seo\/ -->\n<title>Coupage 500ml - Pago de Pe\u00f1arrubia<\/title>\n<meta name=\"robots\" content=\"index, follow, max-snippet:-1, max-image-preview:large, max-video-preview:-1\" \/>\n<link rel=\"canonical\" href=\"https:\/\/www.pagodepenarrubia.com\/de\/producto\/coupage-500ml-copia\/\" \/>\n<meta property=\"og:locale\" content=\"de_DE\" \/>\n<meta property=\"og:type\" content=\"article\" \/>\n<meta property=\"og:title\" content=\"Coupage 500ml - Pago de Pe\u00f1arrubia\" \/>\n<meta property=\"og:description\" content=\"Oliven\u00f6l der gehobenen Kategorie. Ernte und gemahlen an der Quelle, direkt aus kleinen Mengen ausgew\u00e4hlter Oliven, nur durch mechanische Verfahren und durch Kaltextraktion. SENSORISCHE ANALYSE \u00d6l, das aus der Zusammensetzung zweier unserer Olivensorten (Arbequina und Picual) besteht, in Proportionen, die das Beste von jeder von ihnen hervorheben, wobei ein reifes, mittelfruchtiges \u00d6l mit gr\u00fcnen Noten erhalten wird. Vorwiegend den Apfel in der Nase und die Trockenfr\u00fcchte im Mund. Die Bitterkeit und der Juckreiz sind mittelgro\u00df, was es zu einem s\u00fc\u00dfen und angenehmen \u00d6l macht.\" \/>\n<meta property=\"og:url\" content=\"https:\/\/www.pagodepenarrubia.com\/de\/producto\/coupage-500ml-copia\/\" \/>\n<meta property=\"og:site_name\" content=\"Pago de Pe\u00f1arrubia\" \/>\n<meta property=\"article:modified_time\" content=\"2024-01-02T02:51:43+00:00\" \/>\n<meta property=\"og:image\" content=\"https:\/\/www.pagodepenarrubia.com\/wp-content\/uploads\/F8A5804-copia-2.jpg\" \/>\n\t<meta property=\"og:image:width\" content=\"1238\" \/>\n\t<meta property=\"og:image:height\" content=\"1980\" \/>\n\t<meta property=\"og:image:type\" content=\"image\/jpeg\" \/>\n<meta name=\"twitter:card\" content=\"summary_large_image\" \/>\n<script type=\"application\/ld+json\" class=\"yoast-schema-graph\">{\"@context\":\"https:\/\/schema.org\",\"@graph\":[{\"@type\":\"WebPage\",\"@id\":\"https:\/\/www.pagodepenarrubia.com\/de\/producto\/coupage-500ml-copia\/\",\"url\":\"https:\/\/www.pagodepenarrubia.com\/de\/producto\/coupage-500ml-copia\/\",\"name\":\"Coupage 500ml - Pago de Pe\u00f1arrubia\",\"isPartOf\":{\"@id\":\"https:\/\/www.pagodepenarrubia.com\/de\/#website\"},\"datePublished\":\"2023-12-29T12:00:12+00:00\",\"dateModified\":\"2024-01-02T02:51:43+00:00\",\"breadcrumb\":{\"@id\":\"https:\/\/www.pagodepenarrubia.com\/de\/producto\/coupage-500ml-copia\/#breadcrumb\"},\"inLanguage\":\"de\",\"potentialAction\":[{\"@type\":\"ReadAction\",\"target\":[\"https:\/\/www.pagodepenarrubia.com\/de\/producto\/coupage-500ml-copia\/\"]}]},{\"@type\":\"BreadcrumbList\",\"@id\":\"https:\/\/www.pagodepenarrubia.com\/de\/producto\/coupage-500ml-copia\/#breadcrumb\",\"itemListElement\":[{\"@type\":\"ListItem\",\"position\":1,\"name\":\"Portada\",\"item\":\"https:\/\/www.pagodepenarrubia.com\/de\/\"},{\"@type\":\"ListItem\",\"position\":2,\"name\":\"Produkte\",\"item\":\"https:\/\/www.pagodepenarrubia.com\/de\/shop\/\"},{\"@type\":\"ListItem\",\"position\":3,\"name\":\"Coupage 500ml\"}]},{\"@type\":\"WebSite\",\"@id\":\"https:\/\/www.pagodepenarrubia.com\/de\/#website\",\"url\":\"https:\/\/www.pagodepenarrubia.com\/de\/\",\"name\":\"Pago de Pe\u00f1arrubia\",\"description\":\"Tienda de aceite oliva virgen extra ecol\u00f3gico gourmet\",\"publisher\":{\"@id\":\"https:\/\/www.pagodepenarrubia.com\/de\/#organization\"},\"alternateName\":\"Pago Pe\u00f1arrubias\",\"potentialAction\":[{\"@type\":\"SearchAction\",\"target\":{\"@type\":\"EntryPoint\",\"urlTemplate\":\"https:\/\/www.pagodepenarrubia.com\/de\/?s={search_term_string}\"},\"query-input\":\"required name=search_term_string\"}],\"inLanguage\":\"de\"},{\"@type\":\"Organization\",\"@id\":\"https:\/\/www.pagodepenarrubia.com\/de\/#organization\",\"name\":\"Pago de Pe\u00f1arrubias\",\"alternateName\":\"Pe\u00f1arrubias\",\"url\":\"https:\/\/www.pagodepenarrubia.com\/de\/\",\"logo\":{\"@type\":\"ImageObject\",\"inLanguage\":\"de\",\"@id\":\"https:\/\/www.pagodepenarrubia.com\/de\/#\/schema\/logo\/image\/\",\"url\":\"https:\/\/www.pagodepenarrubia.com\/wp-content\/uploads\/favicon_penarrubia.png\",\"contentUrl\":\"https:\/\/www.pagodepenarrubia.com\/wp-content\/uploads\/favicon_penarrubia.png\",\"width\":334,\"height\":334,\"caption\":\"Pago de Pe\u00f1arrubias\"},\"image\":{\"@id\":\"https:\/\/www.pagodepenarrubia.com\/de\/#\/schema\/logo\/image\/\"}}]}<\/script>\n<!-- \/ Yoast SEO plugin. -->","yoast_head_json":{"title":"Coupage 500ml - Pago de Pe\u00f1arrubia","robots":{"index":"index","follow":"follow","max-snippet":"max-snippet:-1","max-image-preview":"max-image-preview:large","max-video-preview":"max-video-preview:-1"},"canonical":"https:\/\/www.pagodepenarrubia.com\/de\/producto\/coupage-500ml-copia\/","og_locale":"de_DE","og_type":"article","og_title":"Coupage 500ml - Pago de Pe\u00f1arrubia","og_description":"Oliven\u00f6l der gehobenen Kategorie. Ernte und gemahlen an der Quelle, direkt aus kleinen Mengen ausgew\u00e4hlter Oliven, nur durch mechanische Verfahren und durch Kaltextraktion. SENSORISCHE ANALYSE \u00d6l, das aus der Zusammensetzung zweier unserer Olivensorten (Arbequina und Picual) besteht, in Proportionen, die das Beste von jeder von ihnen hervorheben, wobei ein reifes, mittelfruchtiges \u00d6l mit gr\u00fcnen Noten erhalten wird. Vorwiegend den Apfel in der Nase und die Trockenfr\u00fcchte im Mund. Die Bitterkeit und der Juckreiz sind mittelgro\u00df, was es zu einem s\u00fc\u00dfen und angenehmen \u00d6l macht.","og_url":"https:\/\/www.pagodepenarrubia.com\/de\/producto\/coupage-500ml-copia\/","og_site_name":"Pago de Pe\u00f1arrubia","article_modified_time":"2024-01-02T02:51:43+00:00","og_image":[{"width":1238,"height":1980,"url":"https:\/\/www.pagodepenarrubia.com\/wp-content\/uploads\/F8A5804-copia-2.jpg","type":"image\/jpeg"}],"twitter_card":"summary_large_image","schema":{"@context":"https:\/\/schema.org","@graph":[{"@type":"WebPage","@id":"https:\/\/www.pagodepenarrubia.com\/de\/producto\/coupage-500ml-copia\/","url":"https:\/\/www.pagodepenarrubia.com\/de\/producto\/coupage-500ml-copia\/","name":"Coupage 500ml - Pago de Pe\u00f1arrubia","isPartOf":{"@id":"https:\/\/www.pagodepenarrubia.com\/de\/#website"},"datePublished":"2023-12-29T12:00:12+00:00","dateModified":"2024-01-02T02:51:43+00:00","breadcrumb":{"@id":"https:\/\/www.pagodepenarrubia.com\/de\/producto\/coupage-500ml-copia\/#breadcrumb"},"inLanguage":"de","potentialAction":[{"@type":"ReadAction","target":["https:\/\/www.pagodepenarrubia.com\/de\/producto\/coupage-500ml-copia\/"]}]},{"@type":"BreadcrumbList","@id":"https:\/\/www.pagodepenarrubia.com\/de\/producto\/coupage-500ml-copia\/#breadcrumb","itemListElement":[{"@type":"ListItem","position":1,"name":"Portada","item":"https:\/\/www.pagodepenarrubia.com\/de\/"},{"@type":"ListItem","position":2,"name":"Produkte","item":"https:\/\/www.pagodepenarrubia.com\/de\/shop\/"},{"@type":"ListItem","position":3,"name":"Coupage 500ml"}]},{"@type":"WebSite","@id":"https:\/\/www.pagodepenarrubia.com\/de\/#website","url":"https:\/\/www.pagodepenarrubia.com\/de\/","name":"Pago de Pe\u00f1arrubia","description":"Tienda de aceite oliva virgen extra ecol\u00f3gico gourmet","publisher":{"@id":"https:\/\/www.pagodepenarrubia.com\/de\/#organization"},"alternateName":"Pago Pe\u00f1arrubias","potentialAction":[{"@type":"SearchAction","target":{"@type":"EntryPoint","urlTemplate":"https:\/\/www.pagodepenarrubia.com\/de\/?s={search_term_string}"},"query-input":"required name=search_term_string"}],"inLanguage":"de"},{"@type":"Organization","@id":"https:\/\/www.pagodepenarrubia.com\/de\/#organization","name":"Pago de Pe\u00f1arrubias","alternateName":"Pe\u00f1arrubias","url":"https:\/\/www.pagodepenarrubia.com\/de\/","logo":{"@type":"ImageObject","inLanguage":"de","@id":"https:\/\/www.pagodepenarrubia.com\/de\/#\/schema\/logo\/image\/","url":"https:\/\/www.pagodepenarrubia.com\/wp-content\/uploads\/favicon_penarrubia.png","contentUrl":"https:\/\/www.pagodepenarrubia.com\/wp-content\/uploads\/favicon_penarrubia.png","width":334,"height":334,"caption":"Pago de Pe\u00f1arrubias"},"image":{"@id":"https:\/\/www.pagodepenarrubia.com\/de\/#\/schema\/logo\/image\/"}}]}},"_links":{"self":[{"href":"https:\/\/www.pagodepenarrubia.com\/de\/wp-json\/wp\/v2\/product\/12439"}],"collection":[{"href":"https:\/\/www.pagodepenarrubia.com\/de\/wp-json\/wp\/v2\/product"}],"about":[{"href":"https:\/\/www.pagodepenarrubia.com\/de\/wp-json\/wp\/v2\/types\/product"}],"wp:featuredmedia":[{"embeddable":true,"href":"https:\/\/www.pagodepenarrubia.com\/de\/wp-json\/wp\/v2\/media\/10524"}],"wp:attachment":[{"href":"https:\/\/www.pagodepenarrubia.com\/de\/wp-json\/wp\/v2\/media?parent=12439"}],"wp:term":[{"taxonomy":"product_cat","embeddable":true,"href":"https:\/\/www.pagodepenarrubia.com\/de\/wp-json\/wp\/v2\/product_cat?post=12439"},{"taxonomy":"product_tag","embeddable":true,"href":"https:\/\/www.pagodepenarrubia.com\/de\/wp-json\/wp\/v2\/product_tag?post=12439"}],"curies":[{"name":"wp","href":"https:\/\/api.w.org\/{rel}","templated":true}]}}