{"id":1604,"date":"2016-12-12T16:36:05","date_gmt":"2016-12-12T16:36:05","guid":{"rendered":"https:\/\/www.pagodepenarrubia.com\/de\/tienda\/"},"modified":"2024-10-28T11:56:28","modified_gmt":"2024-10-28T10:56:28","slug":"der-laden","status":"publish","type":"page","link":"https:\/\/www.pagodepenarrubia.com\/de\/der-laden\/","title":{"rendered":"Shop"},"content":{"rendered":"[vc_row thb_full_width=&#8220;true&#8220; parallax=&#8220;content-moving&#8220; parallax_image=&#8220;444&#8243; thb_divider_position=&#8220;bottom&#8220; css=&#8220;.vc_custom_1531910339749{padding-top: 20vh !important;padding-bottom: 20vh !important;background-image: url(https:\/\/www.pagodepenarrubia.com\/wp-content\/uploads\/016_serrallefoto_RecogidaAceitunaPagoDePe\u00f1arrubia_7009.jpg?id=1755) !important;background-position: center;background-repeat: no-repeat !important;background-size: cover !important;}&#8220;][vc_column][vc_column_text]\n<h1 style=\"text-align: center;\">\n            <span style=\"color: #ffffff;\">Shop<\/span><br \/>\n          <\/h1>\n<p>          [vc_separator color=&#8220;white&#8220; border_width=&#8220;2&#8243; el_width=&#8220;50&#8243;][\/vc_column_text][\/vc_column][\/vc_row][vc_row thb_divider_position=&#8220;bottom&#8220; css=&#8220;.vc_custom_1548071710283{margin-top: 5vh !important;}&#8220;][vc_column][vc_column_text]\n<h1 style=\"text-align: center;\">\n            <span style=\"color: #000000; font-size: 24pt;\">Ernte 2023 \/ 2024<\/span><br \/>\n          <\/h1>\n<p>          [vc_separator color=&#8220;black&#8220; border_width=&#8220;1&#8243; el_width=&#8220;100&#8243;][\/vc_column_text][vc_column_text]\n<h3 style=\"text-align: center;\">\n            <span style=\"color: #000000; font-size: 18pt;\">Kostenlose Lieferung bei Bestellungen \u00fcber 40\u20ac innerhalb Spaniens<\/span><br \/>\n          <\/h3>\n[\/vc_column_text][vc_column_text]\n<h3 style=\"text-align: center;\">\n            <span style=\"color: #000000; font-size: 18pt;\">30% Rabatt auf alle Produkte der Ernte 23\/24.<\/span><br \/>\n          <\/h3>\n[\/vc_column_text][vc_column_text][\/vc_column_text][\/vc_column][\/vc_row][vc_row thb_divider_position=&#8220;bottom&#8220;][vc_column css=&#8220;.vc_custom_1515158334791{margin-bottom: 32px !important;}&#8220;]<div class=\"woocommerce columns-4 \"><div class=\"row\">\n<ul class=\"products row thb-main-products full-width-row small-up-1 medium-up-2 large-up-4\">\n<li class=\"column thb_hover style2 product type-product post-12433 status-publish first instock has-post-thumbnail taxable shipping-taxable purchasable product-type-variable\">\n\t<div class=\"product_holder\"><a rel=\"nofollow\" href=\"https:\/\/www.pagodepenarrubia.com\/de\/producto\/arbequina-500ml-copia\/\" data-quantity=\"1\" data-product_id=\"12433\" data-product_sku=\"312-1-1\" class=\"product_type_variable add_to_cart_button\"><div class=\"thb_button_icon\"><svg xmlns=\"http:\/\/www.w3.org\/2000\/svg\" viewBox=\"0 0 64 64\" enable-background=\"new 0 0 64 64\"><g fill=\"none\" stroke=\"#000\" stroke-width=\"2\" stroke-miterlimit=\"10\"><path d=\"m32 50v-36\"\/><path d=\"m14 32h36\"\/><\/g><\/svg><\/div> <span>Ausf\u00fchrung w\u00e4hlen<\/span><\/a><\/div><div class=\"thb_title_holder\"><a href=\"https:\/\/www.pagodepenarrubia.com\/de\/producto\/arbequina-500ml-copia\/\" class=\"woocommerce-LoopProduct-link woocommerce-loop-product__link\"><\/a><\/div><\/li>\n<li class=\"column thb_hover style2 product type-product post-12439 status-publish instock has-post-thumbnail taxable shipping-taxable purchasable product-type-variable\">\n\t<div class=\"product_holder\"><a rel=\"nofollow\" href=\"https:\/\/www.pagodepenarrubia.com\/de\/producto\/coupage-500ml-copia\/\" data-quantity=\"1\" data-product_id=\"12439\" data-product_sku=\"30-1-1\" class=\"product_type_variable add_to_cart_button\"><div class=\"thb_button_icon\"><svg xmlns=\"http:\/\/www.w3.org\/2000\/svg\" viewBox=\"0 0 64 64\" enable-background=\"new 0 0 64 64\"><g fill=\"none\" stroke=\"#000\" stroke-width=\"2\" stroke-miterlimit=\"10\"><path d=\"m32 50v-36\"\/><path d=\"m14 32h36\"\/><\/g><\/svg><\/div> <span>Ausf\u00fchrung w\u00e4hlen<\/span><\/a><\/div><div class=\"thb_title_holder\"><a href=\"https:\/\/www.pagodepenarrubia.com\/de\/producto\/coupage-500ml-copia\/\" class=\"woocommerce-LoopProduct-link woocommerce-loop-product__link\"><\/a><\/div><\/li>\n<li class=\"column thb_hover style2 product type-product post-12445 status-publish instock has-post-thumbnail taxable shipping-taxable purchasable product-type-variable\">\n\t<div class=\"product_holder\"><a rel=\"nofollow\" href=\"https:\/\/www.pagodepenarrubia.com\/de\/producto\/picual-500ml-copia\/\" data-quantity=\"1\" data-product_id=\"12445\" data-product_sku=\"50-1-1\" class=\"product_type_variable add_to_cart_button\"><div class=\"thb_button_icon\"><svg xmlns=\"http:\/\/www.w3.org\/2000\/svg\" viewBox=\"0 0 64 64\" enable-background=\"new 0 0 64 64\"><g fill=\"none\" stroke=\"#000\" stroke-width=\"2\" stroke-miterlimit=\"10\"><path d=\"m32 50v-36\"\/><path d=\"m14 32h36\"\/><\/g><\/svg><\/div> <span>Ausf\u00fchrung w\u00e4hlen<\/span><\/a><\/div><div class=\"thb_title_holder\"><a href=\"https:\/\/www.pagodepenarrubia.com\/de\/producto\/picual-500ml-copia\/\" class=\"woocommerce-LoopProduct-link woocommerce-loop-product__link\"><\/a><\/div><\/li>\n<li class=\"column thb_hover style2 product type-product post-12477 status-publish last instock has-post-thumbnail taxable shipping-taxable purchasable product-type-variable\">\n\t<div class=\"product_holder\"><a rel=\"nofollow\" href=\"https:\/\/www.pagodepenarrubia.com\/de\/producto\/kiste-mit-3-flaschen\/\" data-quantity=\"1\" data-product_id=\"12477\" data-product_sku=\"\" class=\"product_type_variable add_to_cart_button\"><div class=\"thb_button_icon\"><svg xmlns=\"http:\/\/www.w3.org\/2000\/svg\" viewBox=\"0 0 64 64\" enable-background=\"new 0 0 64 64\"><g fill=\"none\" stroke=\"#000\" stroke-width=\"2\" stroke-miterlimit=\"10\"><path d=\"m32 50v-36\"\/><path d=\"m14 32h36\"\/><\/g><\/svg><\/div> <span>Ausf\u00fchrung w\u00e4hlen<\/span><\/a><\/div><div class=\"thb_title_holder\"><a href=\"https:\/\/www.pagodepenarrubia.com\/de\/producto\/kiste-mit-3-flaschen\/\" class=\"woocommerce-LoopProduct-link woocommerce-loop-product__link\"><\/a><\/div><\/li>\n<\/ul>\n<\/div><\/div>[\/vc_column][\/vc_row]\n","protected":false},"excerpt":{"rendered":"<p>[vc_row thb_full_width=&#8220;true&#8220; parallax=&#8220;content-moving&#8220; parallax_image=&#8220;444&#8243; thb_divider_position=&#8220;bottom&#8220; css=&#8220;.vc_custom_1531910339749{padding-top: 20vh !important;padding-bottom: 20vh !important;background-image: url(https:\/\/www.pagodepenarrubia.com\/wp-content\/uploads\/016_serrallefoto_RecogidaAceitunaPagoDePe\u00f1arrubia_7009.jpg?id=1755) !important;background-position: center;background-repeat: no-repeat !important;background-size: cover !important;}&#8220;][vc_column][vc_column_text] Shop [vc_separator color=&#8220;white&#8220; border_width=&#8220;2&#8243; el_width=&#8220;50&#8243;][\/vc_column_text][\/vc_column][\/vc_row][vc_row thb_divider_position=&#8220;bottom&#8220; css=&#8220;.vc_custom_1548071710283{margin-top: 5vh !important;}&#8220;][vc_column][vc_column_text] Ernte 2023 \/ 2024 [vc_separator color=&#8220;black&#8220; border_width=&#8220;1&#8243; el_width=&#8220;100&#8243;][\/vc_column_text][vc_column_text] Kostenlose Lieferung bei Bestellungen \u00fcber 40\u20ac innerhalb Spaniens [\/vc_column_text][vc_column_text] 30% Rabatt auf alle Produkte der Ernte 23\/24. [\/vc_column_text][vc_column_text][\/vc_column_text][\/vc_column][\/vc_row][vc_row thb_divider_position=&#8220;bottom&#8220;][vc_column css=&#8220;.vc_custom_1515158334791{margin-bottom: 32px&hellip;<\/p>\n","protected":false},"author":51,"featured_media":0,"parent":0,"menu_order":0,"comment_status":"closed","ping_status":"closed","template":"","meta":[],"yoast_head":"<!-- This site is optimized with the Yoast SEO plugin v20.6 - https:\/\/yoast.com\/wordpress\/plugins\/seo\/ -->\n<title>Shop - Pago de Pe\u00f1arrubia<\/title>\n<meta name=\"description\" content=\"Bio EVOO Shop. Entdecken Sie unsere Auswahl an biologischen nativen Oliven\u00f6len extra, ideal f\u00fcr Ihre Gourmet-Rezepte.\" \/>\n<meta name=\"robots\" content=\"index, follow, max-snippet:-1, max-image-preview:large, max-video-preview:-1\" \/>\n<link rel=\"canonical\" href=\"https:\/\/www.pagodepenarrubia.com\/de\/der-laden\/\" \/>\n<meta property=\"og:locale\" content=\"de_DE\" \/>\n<meta property=\"og:type\" content=\"article\" \/>\n<meta property=\"og:title\" content=\"Shop - Pago de Pe\u00f1arrubia\" \/>\n<meta property=\"og:description\" content=\"Bio EVOO Shop. Entdecken Sie unsere Auswahl an biologischen nativen Oliven\u00f6len extra, ideal f\u00fcr Ihre Gourmet-Rezepte.\" \/>\n<meta property=\"og:url\" content=\"https:\/\/www.pagodepenarrubia.com\/de\/der-laden\/\" \/>\n<meta property=\"og:site_name\" content=\"Pago de Pe\u00f1arrubia\" \/>\n<meta property=\"article:modified_time\" content=\"2024-10-28T10:56:28+00:00\" \/>\n<meta property=\"og:image\" content=\"https:\/\/www.pagodepenarrubia.com\/wp-content\/uploads\/FincaOctubre-1036-1.jpg\" \/>\n\t<meta property=\"og:image:width\" content=\"800\" \/>\n\t<meta property=\"og:image:height\" content=\"533\" \/>\n\t<meta property=\"og:image:type\" content=\"image\/jpeg\" \/>\n<meta name=\"twitter:card\" content=\"summary_large_image\" \/>\n<meta name=\"twitter:label1\" content=\"Gesch\u00e4tzte Lesezeit\" \/>\n\t<meta name=\"twitter:data1\" content=\"1\u00a0Minute\" \/>\n<script type=\"application\/ld+json\" class=\"yoast-schema-graph\">{\"@context\":\"https:\/\/schema.org\",\"@graph\":[{\"@type\":\"WebPage\",\"@id\":\"https:\/\/www.pagodepenarrubia.com\/de\/der-laden\/\",\"url\":\"https:\/\/www.pagodepenarrubia.com\/de\/der-laden\/\",\"name\":\"Shop - Pago de Pe\u00f1arrubia\",\"isPartOf\":{\"@id\":\"https:\/\/www.pagodepenarrubia.com\/de\/#website\"},\"datePublished\":\"2016-12-12T16:36:05+00:00\",\"dateModified\":\"2024-10-28T10:56:28+00:00\",\"description\":\"Bio EVOO Shop. Entdecken Sie unsere Auswahl an biologischen nativen Oliven\u00f6len extra, ideal f\u00fcr Ihre Gourmet-Rezepte.\",\"breadcrumb\":{\"@id\":\"https:\/\/www.pagodepenarrubia.com\/de\/der-laden\/#breadcrumb\"},\"inLanguage\":\"de\",\"potentialAction\":[{\"@type\":\"ReadAction\",\"target\":[\"https:\/\/www.pagodepenarrubia.com\/de\/der-laden\/\"]}]},{\"@type\":\"BreadcrumbList\",\"@id\":\"https:\/\/www.pagodepenarrubia.com\/de\/der-laden\/#breadcrumb\",\"itemListElement\":[{\"@type\":\"ListItem\",\"position\":1,\"name\":\"Portada\",\"item\":\"https:\/\/www.pagodepenarrubia.com\/de\/\"},{\"@type\":\"ListItem\",\"position\":2,\"name\":\"Shop\"}]},{\"@type\":\"WebSite\",\"@id\":\"https:\/\/www.pagodepenarrubia.com\/de\/#website\",\"url\":\"https:\/\/www.pagodepenarrubia.com\/de\/\",\"name\":\"Pago de Pe\u00f1arrubia\",\"description\":\"Tienda de aceite oliva virgen extra ecol\u00f3gico gourmet\",\"publisher\":{\"@id\":\"https:\/\/www.pagodepenarrubia.com\/de\/#organization\"},\"alternateName\":\"Pago Pe\u00f1arrubias\",\"potentialAction\":[{\"@type\":\"SearchAction\",\"target\":{\"@type\":\"EntryPoint\",\"urlTemplate\":\"https:\/\/www.pagodepenarrubia.com\/de\/?s={search_term_string}\"},\"query-input\":\"required name=search_term_string\"}],\"inLanguage\":\"de\"},{\"@type\":\"Organization\",\"@id\":\"https:\/\/www.pagodepenarrubia.com\/de\/#organization\",\"name\":\"Pago de Pe\u00f1arrubias\",\"alternateName\":\"Pe\u00f1arrubias\",\"url\":\"https:\/\/www.pagodepenarrubia.com\/de\/\",\"logo\":{\"@type\":\"ImageObject\",\"inLanguage\":\"de\",\"@id\":\"https:\/\/www.pagodepenarrubia.com\/de\/#\/schema\/logo\/image\/\",\"url\":\"https:\/\/www.pagodepenarrubia.com\/wp-content\/uploads\/favicon_penarrubia.png\",\"contentUrl\":\"https:\/\/www.pagodepenarrubia.com\/wp-content\/uploads\/favicon_penarrubia.png\",\"width\":334,\"height\":334,\"caption\":\"Pago de Pe\u00f1arrubias\"},\"image\":{\"@id\":\"https:\/\/www.pagodepenarrubia.com\/de\/#\/schema\/logo\/image\/\"}}]}<\/script>\n<!-- \/ Yoast SEO plugin. -->","yoast_head_json":{"title":"Shop - Pago de Pe\u00f1arrubia","description":"Bio EVOO Shop. Entdecken Sie unsere Auswahl an biologischen nativen Oliven\u00f6len extra, ideal f\u00fcr Ihre Gourmet-Rezepte.","robots":{"index":"index","follow":"follow","max-snippet":"max-snippet:-1","max-image-preview":"max-image-preview:large","max-video-preview":"max-video-preview:-1"},"canonical":"https:\/\/www.pagodepenarrubia.com\/de\/der-laden\/","og_locale":"de_DE","og_type":"article","og_title":"Shop - Pago de Pe\u00f1arrubia","og_description":"Bio EVOO Shop. Entdecken Sie unsere Auswahl an biologischen nativen Oliven\u00f6len extra, ideal f\u00fcr Ihre Gourmet-Rezepte.","og_url":"https:\/\/www.pagodepenarrubia.com\/de\/der-laden\/","og_site_name":"Pago de Pe\u00f1arrubia","article_modified_time":"2024-10-28T10:56:28+00:00","og_image":[{"width":800,"height":533,"url":"https:\/\/www.pagodepenarrubia.com\/wp-content\/uploads\/FincaOctubre-1036-1.jpg","type":"image\/jpeg"}],"twitter_card":"summary_large_image","twitter_misc":{"Gesch\u00e4tzte Lesezeit":"1\u00a0Minute"},"schema":{"@context":"https:\/\/schema.org","@graph":[{"@type":"WebPage","@id":"https:\/\/www.pagodepenarrubia.com\/de\/der-laden\/","url":"https:\/\/www.pagodepenarrubia.com\/de\/der-laden\/","name":"Shop - Pago de Pe\u00f1arrubia","isPartOf":{"@id":"https:\/\/www.pagodepenarrubia.com\/de\/#website"},"datePublished":"2016-12-12T16:36:05+00:00","dateModified":"2024-10-28T10:56:28+00:00","description":"Bio EVOO Shop. Entdecken Sie unsere Auswahl an biologischen nativen Oliven\u00f6len extra, ideal f\u00fcr Ihre Gourmet-Rezepte.","breadcrumb":{"@id":"https:\/\/www.pagodepenarrubia.com\/de\/der-laden\/#breadcrumb"},"inLanguage":"de","potentialAction":[{"@type":"ReadAction","target":["https:\/\/www.pagodepenarrubia.com\/de\/der-laden\/"]}]},{"@type":"BreadcrumbList","@id":"https:\/\/www.pagodepenarrubia.com\/de\/der-laden\/#breadcrumb","itemListElement":[{"@type":"ListItem","position":1,"name":"Portada","item":"https:\/\/www.pagodepenarrubia.com\/de\/"},{"@type":"ListItem","position":2,"name":"Shop"}]},{"@type":"WebSite","@id":"https:\/\/www.pagodepenarrubia.com\/de\/#website","url":"https:\/\/www.pagodepenarrubia.com\/de\/","name":"Pago de Pe\u00f1arrubia","description":"Tienda de aceite oliva virgen extra ecol\u00f3gico gourmet","publisher":{"@id":"https:\/\/www.pagodepenarrubia.com\/de\/#organization"},"alternateName":"Pago Pe\u00f1arrubias","potentialAction":[{"@type":"SearchAction","target":{"@type":"EntryPoint","urlTemplate":"https:\/\/www.pagodepenarrubia.com\/de\/?s={search_term_string}"},"query-input":"required name=search_term_string"}],"inLanguage":"de"},{"@type":"Organization","@id":"https:\/\/www.pagodepenarrubia.com\/de\/#organization","name":"Pago de Pe\u00f1arrubias","alternateName":"Pe\u00f1arrubias","url":"https:\/\/www.pagodepenarrubia.com\/de\/","logo":{"@type":"ImageObject","inLanguage":"de","@id":"https:\/\/www.pagodepenarrubia.com\/de\/#\/schema\/logo\/image\/","url":"https:\/\/www.pagodepenarrubia.com\/wp-content\/uploads\/favicon_penarrubia.png","contentUrl":"https:\/\/www.pagodepenarrubia.com\/wp-content\/uploads\/favicon_penarrubia.png","width":334,"height":334,"caption":"Pago de Pe\u00f1arrubias"},"image":{"@id":"https:\/\/www.pagodepenarrubia.com\/de\/#\/schema\/logo\/image\/"}}]}},"_links":{"self":[{"href":"https:\/\/www.pagodepenarrubia.com\/de\/wp-json\/wp\/v2\/pages\/1604"}],"collection":[{"href":"https:\/\/www.pagodepenarrubia.com\/de\/wp-json\/wp\/v2\/pages"}],"about":[{"href":"https:\/\/www.pagodepenarrubia.com\/de\/wp-json\/wp\/v2\/types\/page"}],"author":[{"embeddable":true,"href":"https:\/\/www.pagodepenarrubia.com\/de\/wp-json\/wp\/v2\/users\/51"}],"replies":[{"embeddable":true,"href":"https:\/\/www.pagodepenarrubia.com\/de\/wp-json\/wp\/v2\/comments?post=1604"}],"version-history":[{"count":59,"href":"https:\/\/www.pagodepenarrubia.com\/de\/wp-json\/wp\/v2\/pages\/1604\/revisions"}],"predecessor-version":[{"id":12765,"href":"https:\/\/www.pagodepenarrubia.com\/de\/wp-json\/wp\/v2\/pages\/1604\/revisions\/12765"}],"wp:attachment":[{"href":"https:\/\/www.pagodepenarrubia.com\/de\/wp-json\/wp\/v2\/media?parent=1604"}],"curies":[{"name":"wp","href":"https:\/\/api.w.org\/{rel}","templated":true}]}}