{"id":1603,"date":"2016-06-01T17:30:18","date_gmt":"2016-06-01T15:30:18","guid":{"rendered":"https:\/\/www.pagodepenarrubia.com\/de\/contacto\/"},"modified":"2024-05-15T20:37:54","modified_gmt":"2024-05-15T18:37:54","slug":"kontakt","status":"publish","type":"page","link":"https:\/\/www.pagodepenarrubia.com\/de\/kontakt\/","title":{"rendered":"Kontakt"},"content":{"rendered":"[vc_row thb_full_width=&#8220;true&#8220; thb_divider_position=&#8220;bottom&#8220; css=&#8220;.vc_custom_1610064719876{padding-top: 20vh !important;padding-bottom: 20vh !important;background-image: url(https:\/\/www.pagodepenarrubia.com\/wp-content\/uploads\/1.-La-tierra.jpg?id=1696) !important;background-position: center !important;background-repeat: no-repeat !important;background-size: cover !important;}&#8220;][vc_column][vc_column_text]\n<h1 style=\"text-align: center;\"><span style=\"color: #ffffff;\">KONTAKT<\/span><\/h1>\n[vc_separator color=&#8220;white&#8220; border_width=&#8220;2&#8243; el_width=&#8220;50&#8243;][\/vc_column_text][\/vc_column][\/vc_row][vc_row thb_divider_position=&#8220;bottom&#8220;][vc_column][vc_empty_space height=&#8220;80px&#8220;][\/vc_column][\/vc_row][vc_row content_placement=&#8220;middle&#8220; thb_divider_position=&#8220;bottom&#8220; el_class=&#8220;align-center&#8220;][vc_column width=&#8220;1\/2&#8243; el_class=&#8220;align-center&#8220;][vc_column_text css=&#8220;.vc_custom_1610367506841{padding-right: 10px !important;}&#8220;]Wenn Sie Fragen oder Bedenken zu unserem Bio-Oliven\u00f6l extra vergine oder zu einer Bestellung haben, k\u00f6nnen Sie uns unter der folgenden Telefonnummer oder per E-Mail kontaktieren. Sie k\u00f6nnen uns auch \u00fcber das Kontaktformular kontaktieren.[\/vc_column_text][vc_column_text]T: +34 650 77 40 32<br \/>\nT: +34 654 98 77 61<br \/>\nEmail: <a href=\"mailto:info@pagodepenarrubia.com\">info@pagodepenarrubia.com<\/a><\/p>\n<p>Hauptb\u00fcro: <strong>Carretera de Mahora km3 \u2013 02007 Albacete (Spanien)<\/strong>[\/vc_column_text][vc_column_text]<a href=\"https:\/\/www.instagram.com\/pagopenarrubia\/\" target=\"_blank\" rel=\"noopener\"><img loading=\"lazy\" class=\"alignnone size-full wp-image-399 aligncenter lazyload\" src=\"data:image\/gif;base64,R0lGODlhAQABAAAAACH5BAEKAAEALAAAAAABAAEAAAICTAEAOw==\" data-src=\"https:\/\/www.pagodepenarrubia.com\/wp-content\/uploads\/instagram-logo-1.png\" alt=\"\" width=\"32\" height=\"32\" data-sizes=\"auto\" data-srcset=\"https:\/\/www.pagodepenarrubia.com\/wp-content\/uploads\/instagram-logo-1.png 32w, https:\/\/www.pagodepenarrubia.com\/wp-content\/uploads\/instagram-logo-1-20x20.png 20w\" sizes=\"(max-width: 32px) 100vw, 32px\" \/><\/a><\/p>\n[\/vc_column_text][vc_single_image image=&#8220;494&#8243; img_size=&#8220;medium&#8220;][\/vc_column][vc_column width=&#8220;1\/2&#8243; el_class=&#8220;contact-form&#8220;]\n<div class=\"wpcf7 no-js\" id=\"wpcf7-f10039-o1\" lang=\"de-DE\" dir=\"ltr\">\n<div class=\"screen-reader-response\"><p role=\"status\" aria-live=\"polite\" aria-atomic=\"true\"><\/p> <ul><\/ul><\/div>\n<form action=\"\/de\/wp-json\/wp\/v2\/pages\/1603#wpcf7-f10039-o1\" method=\"post\" class=\"wpcf7-form init\" aria-label=\"Kontaktformular\" novalidate=\"novalidate\" data-status=\"init\">\n<div style=\"display: none;\">\n<input type=\"hidden\" name=\"_wpcf7\" value=\"10039\" \/>\n<input type=\"hidden\" name=\"_wpcf7_version\" value=\"5.7.7\" \/>\n<input type=\"hidden\" name=\"_wpcf7_locale\" value=\"de_DE\" \/>\n<input type=\"hidden\" name=\"_wpcf7_unit_tag\" value=\"wpcf7-f10039-o1\" \/>\n<input type=\"hidden\" name=\"_wpcf7_container_post\" value=\"0\" \/>\n<input type=\"hidden\" name=\"_wpcf7_posted_data_hash\" value=\"\" \/>\n<input type=\"hidden\" name=\"_wpcf7_recaptcha_response\" value=\"\" \/>\n<\/div>\n<p><label> Name<br \/>\n<span class=\"wpcf7-form-control-wrap\" data-name=\"your-name\"><input size=\"40\" class=\"wpcf7-form-control wpcf7-text wpcf7-validates-as-required\" aria-required=\"true\" aria-invalid=\"false\" value=\"\" type=\"text\" name=\"your-name\" \/><\/span> <\/label>\n<\/p>\n<p><label> Email<br \/>\n<span class=\"wpcf7-form-control-wrap\" data-name=\"your-email\"><input size=\"40\" class=\"wpcf7-form-control wpcf7-text wpcf7-email wpcf7-validates-as-required wpcf7-validates-as-email\" aria-required=\"true\" aria-invalid=\"false\" value=\"\" type=\"email\" name=\"your-email\" \/><\/span> <\/label>\n<\/p>\n<p><label> Gegenstand<br \/>\n<span class=\"wpcf7-form-control-wrap\" data-name=\"your-subject\"><input size=\"40\" class=\"wpcf7-form-control wpcf7-text wpcf7-validates-as-required\" aria-required=\"true\" aria-invalid=\"false\" value=\"\" type=\"text\" name=\"your-subject\" \/><\/span> <\/label>\n<\/p>\n<p><label> Botschaft<br \/>\n<span class=\"wpcf7-form-control-wrap\" data-name=\"your-message\"><textarea cols=\"40\" rows=\"10\" class=\"wpcf7-form-control wpcf7-textarea\" aria-invalid=\"false\" name=\"your-message\"><\/textarea><\/span> <\/label>\n<\/p>\n<p><span class=\"wpcf7-form-control-wrap\" data-name=\"acceptance-334\"><span class=\"wpcf7-form-control wpcf7-acceptance\"><span class=\"wpcf7-list-item\"><label><input type=\"checkbox\" name=\"acceptance-334\" value=\"1\" aria-invalid=\"false\" \/><span class=\"wpcf7-list-item-label\">Ich akzeptiere die <a href=\"https:\/\/www.pagodepenarrubia.com\/politica-de-privacidad\">Datenschutzerkl\u00e4rung<\/a>.<\/span><\/label><\/span><\/span><\/span>\n<\/p>\n<div id=\"cf7sr-69dbd7c82112b\" class=\"cf7sr-g-recaptcha\" data-theme=\"light\" data-type=\"image\" data-size=\"normal\" data-sitekey=\"6LfcqysaAAAAANnBkjpfECXcWUz8QEyFtcBaq8OH\"><\/div><span class=\"wpcf7-form-control-wrap cf7sr-recaptcha\" data-name=\"cf7sr-recaptcha\"><input type=\"hidden\" name=\"cf7sr-recaptcha\" value=\"\" class=\"wpcf7-form-control\"><\/span>\n<\/p>\n<p><input class=\"wpcf7-form-control has-spinner wpcf7-submit\" type=\"submit\" value=\"Senden\" \/>\n<\/p><div class=\"wpcf7-response-output\" aria-hidden=\"true\"><\/div>\n<\/form>\n<\/div>\n[\/vc_column][\/vc_row][vc_row thb_divider_position=&#8220;bottom&#8220;][vc_column][vc_empty_space height=&#8220;50px&#8220;][\/vc_column][\/vc_row][vc_row thb_divider_position=&#8220;bottom&#8220;][vc_column]\t<div class=\"contact_map disabled\" style=\"height:50vh\" data-map-style=\"[{&quot;featureType&quot;:&quot;administrative.locality&quot;,&quot;elementType&quot;:&quot;all&quot;,&quot;stylers&quot;:[{&quot;hue&quot;:&quot;#ff0200&quot;},{&quot;saturation&quot;:7},{&quot;lightness&quot;:19},{&quot;visibility&quot;:&quot;on&quot;}]},{&quot;featureType&quot;:&quot;administrative.locality&quot;,&quot;elementType&quot;:&quot;labels.text&quot;,&quot;stylers&quot;:[{&quot;visibility&quot;:&quot;on&quot;},{&quot;saturation&quot;:&quot;-3&quot;}]},{&quot;featureType&quot;:&quot;administrative.locality&quot;,&quot;elementType&quot;:&quot;labels.text.fill&quot;,&quot;stylers&quot;:[{&quot;color&quot;:&quot;#748ca3&quot;}]},{&quot;featureType&quot;:&quot;landscape&quot;,&quot;elementType&quot;:&quot;all&quot;,&quot;stylers&quot;:[{&quot;hue&quot;:&quot;#ff0200&quot;},{&quot;saturation&quot;:-100},{&quot;lightness&quot;:100},{&quot;visibility&quot;:&quot;simplified&quot;}]},{&quot;featureType&quot;:&quot;poi&quot;,&quot;elementType&quot;:&quot;all&quot;,&quot;stylers&quot;:[{&quot;hue&quot;:&quot;#ff0200&quot;},{&quot;saturation&quot;:&quot;23&quot;},{&quot;lightness&quot;:&quot;20&quot;},{&quot;visibility&quot;:&quot;off&quot;}]},{&quot;featureType&quot;:&quot;poi.school&quot;,&quot;elementType&quot;:&quot;geometry.fill&quot;,&quot;stylers&quot;:[{&quot;color&quot;:&quot;#ffdbda&quot;},{&quot;saturation&quot;:&quot;0&quot;},{&quot;visibility&quot;:&quot;on&quot;}]},{&quot;featureType&quot;:&quot;road&quot;,&quot;elementType&quot;:&quot;geometry&quot;,&quot;stylers&quot;:[{&quot;hue&quot;:&quot;#ff0200&quot;},{&quot;saturation&quot;:&quot;100&quot;},{&quot;lightness&quot;:31},{&quot;visibility&quot;:&quot;simplified&quot;}]},{&quot;featureType&quot;:&quot;road&quot;,&quot;elementType&quot;:&quot;geometry.stroke&quot;,&quot;stylers&quot;:[{&quot;color&quot;:&quot;#f39247&quot;},{&quot;saturation&quot;:&quot;0&quot;}]},{&quot;featureType&quot;:&quot;road&quot;,&quot;elementType&quot;:&quot;labels&quot;,&quot;stylers&quot;:[{&quot;hue&quot;:&quot;#008eff&quot;},{&quot;saturation&quot;:-93},{&quot;lightness&quot;:31},{&quot;visibility&quot;:&quot;on&quot;}]},{&quot;featureType&quot;:&quot;road.arterial&quot;,&quot;elementType&quot;:&quot;geometry.stroke&quot;,&quot;stylers&quot;:[{&quot;visibility&quot;:&quot;on&quot;},{&quot;color&quot;:&quot;#ffe5e5&quot;},{&quot;saturation&quot;:&quot;0&quot;}]},{&quot;featureType&quot;:&quot;road.arterial&quot;,&quot;elementType&quot;:&quot;labels&quot;,&quot;stylers&quot;:[{&quot;hue&quot;:&quot;#bbc0c4&quot;},{&quot;saturation&quot;:-93},{&quot;lightness&quot;:-2},{&quot;visibility&quot;:&quot;simplified&quot;}]},{&quot;featureType&quot;:&quot;road.arterial&quot;,&quot;elementType&quot;:&quot;labels.text&quot;,&quot;stylers&quot;:[{&quot;visibility&quot;:&quot;off&quot;}]},{&quot;featureType&quot;:&quot;road.local&quot;,&quot;elementType&quot;:&quot;geometry&quot;,&quot;stylers&quot;:[{&quot;hue&quot;:&quot;#ff0200&quot;},{&quot;saturation&quot;:-90},{&quot;lightness&quot;:-8},{&quot;visibility&quot;:&quot;simplified&quot;}]},{&quot;featureType&quot;:&quot;transit&quot;,&quot;elementType&quot;:&quot;all&quot;,&quot;stylers&quot;:[{&quot;hue&quot;:&quot;#e9ebed&quot;},{&quot;saturation&quot;:10},{&quot;lightness&quot;:69},{&quot;visibility&quot;:&quot;on&quot;}]},{&quot;featureType&quot;:&quot;water&quot;,&quot;elementType&quot;:&quot;all&quot;,&quot;stylers&quot;:[{&quot;hue&quot;:&quot;#e9ebed&quot;},{&quot;saturation&quot;:-78},{&quot;lightness&quot;:67},{&quot;visibility&quot;:&quot;simplified&quot;}]}]\" data-map-zoom=\"10\" data-map-type=\"roadmap\" data-pan-control=\"\" data-zoom-control=\"1\" data-maptype-control=\"1\" data-scale-control=\"\" data-streetview-control=\"\">\n\t\t\t\t\tPlease fill out Google Maps Api key inside Theme Options\t\t\t<\/div>\n\t[\/vc_column][\/vc_row][vc_row thb_divider_position=&#8220;bottom&#8220;][vc_column][vc_empty_space height=&#8220;40px&#8220;][\/vc_column][\/vc_row]\n","protected":false},"excerpt":{"rendered":"<p>[vc_row thb_full_width=&#8220;true&#8220; thb_divider_position=&#8220;bottom&#8220; css=&#8220;.vc_custom_1610064719876{padding-top: 20vh !important;padding-bottom: 20vh !important;background-image: url(https:\/\/www.pagodepenarrubia.com\/wp-content\/uploads\/1.-La-tierra.jpg?id=1696) !important;background-position: center !important;background-repeat: no-repeat !important;background-size: cover !important;}&#8220;][vc_column][vc_column_text] KONTAKT [vc_separator color=&#8220;white&#8220; border_width=&#8220;2&#8243; el_width=&#8220;50&#8243;][\/vc_column_text][\/vc_column][\/vc_row][vc_row thb_divider_position=&#8220;bottom&#8220;][vc_column][vc_empty_space height=&#8220;80px&#8220;][\/vc_column][\/vc_row][vc_row content_placement=&#8220;middle&#8220; thb_divider_position=&#8220;bottom&#8220; el_class=&#8220;align-center&#8220;][vc_column width=&#8220;1\/2&#8243; el_class=&#8220;align-center&#8220;][vc_column_text css=&#8220;.vc_custom_1610367506841{padding-right: 10px !important;}&#8220;]Wenn Sie Fragen oder Bedenken zu unserem Bio-Oliven\u00f6l extra vergine oder zu einer Bestellung haben, k\u00f6nnen Sie uns unter der folgenden Telefonnummer oder per E-Mail&hellip;<\/p>\n","protected":false},"author":51,"featured_media":0,"parent":0,"menu_order":0,"comment_status":"closed","ping_status":"closed","template":"","meta":[],"yoast_head":"<!-- This site is optimized with the Yoast SEO plugin v20.6 - https:\/\/yoast.com\/wordpress\/plugins\/seo\/ -->\n<title>Kontakt - Pago de Pe\u00f1arrubia<\/title>\n<meta name=\"robots\" content=\"index, follow, max-snippet:-1, max-image-preview:large, max-video-preview:-1\" \/>\n<link rel=\"canonical\" href=\"https:\/\/www.pagodepenarrubia.com\/de\/kontakt\/\" \/>\n<meta property=\"og:locale\" content=\"de_DE\" \/>\n<meta property=\"og:type\" content=\"article\" \/>\n<meta property=\"og:title\" content=\"Kontakt - Pago de Pe\u00f1arrubia\" \/>\n<meta property=\"og:description\" content=\"[vc_row thb_full_width=&#8220;true&#8220; thb_divider_position=&#8220;bottom&#8220; css=&#8220;.vc_custom_1610064719876{padding-top: 20vh !important;padding-bottom: 20vh !important;background-image: url(https:\/\/www.pagodepenarrubia.com\/wp-content\/uploads\/1.-La-tierra.jpg?id=1696) !important;background-position: center !important;background-repeat: no-repeat !important;background-size: cover !important;}&#8220;][vc_column][vc_column_text] KONTAKT [vc_separator color=&#8220;white&#8220; border_width=&#8220;2&#8243; el_width=&#8220;50&#8243;][\/vc_column_text][\/vc_column][\/vc_row][vc_row thb_divider_position=&#8220;bottom&#8220;][vc_column][vc_empty_space height=&#8220;80px&#8220;][\/vc_column][\/vc_row][vc_row content_placement=&#8220;middle&#8220; thb_divider_position=&#8220;bottom&#8220; el_class=&#8220;align-center&#8220;][vc_column width=&#8220;1\/2&#8243; el_class=&#8220;align-center&#8220;][vc_column_text css=&#8220;.vc_custom_1610367506841{padding-right: 10px !important;}&#8220;]Wenn Sie Fragen oder Bedenken zu unserem Bio-Oliven\u00f6l extra vergine oder zu einer Bestellung haben, k\u00f6nnen Sie uns unter der folgenden Telefonnummer oder per E-Mail&hellip;\" \/>\n<meta property=\"og:url\" content=\"https:\/\/www.pagodepenarrubia.com\/de\/kontakt\/\" \/>\n<meta property=\"og:site_name\" content=\"Pago de Pe\u00f1arrubia\" \/>\n<meta property=\"article:modified_time\" content=\"2024-05-15T18:37:54+00:00\" \/>\n<meta property=\"og:image\" content=\"https:\/\/www.pagodepenarrubia.com\/wp-content\/uploads\/instagram-logo-1.png\" \/>\n<meta name=\"twitter:card\" content=\"summary_large_image\" \/>\n<meta name=\"twitter:label1\" content=\"Gesch\u00e4tzte Lesezeit\" \/>\n\t<meta name=\"twitter:data1\" content=\"1\u00a0Minute\" \/>\n<script type=\"application\/ld+json\" class=\"yoast-schema-graph\">{\"@context\":\"https:\/\/schema.org\",\"@graph\":[{\"@type\":\"WebPage\",\"@id\":\"https:\/\/www.pagodepenarrubia.com\/de\/kontakt\/\",\"url\":\"https:\/\/www.pagodepenarrubia.com\/de\/kontakt\/\",\"name\":\"Kontakt - Pago de Pe\u00f1arrubia\",\"isPartOf\":{\"@id\":\"https:\/\/www.pagodepenarrubia.com\/de\/#website\"},\"datePublished\":\"2016-06-01T15:30:18+00:00\",\"dateModified\":\"2024-05-15T18:37:54+00:00\",\"breadcrumb\":{\"@id\":\"https:\/\/www.pagodepenarrubia.com\/de\/kontakt\/#breadcrumb\"},\"inLanguage\":\"de\",\"potentialAction\":[{\"@type\":\"ReadAction\",\"target\":[\"https:\/\/www.pagodepenarrubia.com\/de\/kontakt\/\"]}]},{\"@type\":\"BreadcrumbList\",\"@id\":\"https:\/\/www.pagodepenarrubia.com\/de\/kontakt\/#breadcrumb\",\"itemListElement\":[{\"@type\":\"ListItem\",\"position\":1,\"name\":\"Portada\",\"item\":\"https:\/\/www.pagodepenarrubia.com\/de\/\"},{\"@type\":\"ListItem\",\"position\":2,\"name\":\"Kontakt\"}]},{\"@type\":\"WebSite\",\"@id\":\"https:\/\/www.pagodepenarrubia.com\/de\/#website\",\"url\":\"https:\/\/www.pagodepenarrubia.com\/de\/\",\"name\":\"Pago de Pe\u00f1arrubia\",\"description\":\"Tienda de aceite oliva virgen extra ecol\u00f3gico gourmet\",\"publisher\":{\"@id\":\"https:\/\/www.pagodepenarrubia.com\/de\/#organization\"},\"alternateName\":\"Pago Pe\u00f1arrubias\",\"potentialAction\":[{\"@type\":\"SearchAction\",\"target\":{\"@type\":\"EntryPoint\",\"urlTemplate\":\"https:\/\/www.pagodepenarrubia.com\/de\/?s={search_term_string}\"},\"query-input\":\"required name=search_term_string\"}],\"inLanguage\":\"de\"},{\"@type\":\"Organization\",\"@id\":\"https:\/\/www.pagodepenarrubia.com\/de\/#organization\",\"name\":\"Pago de Pe\u00f1arrubias\",\"alternateName\":\"Pe\u00f1arrubias\",\"url\":\"https:\/\/www.pagodepenarrubia.com\/de\/\",\"logo\":{\"@type\":\"ImageObject\",\"inLanguage\":\"de\",\"@id\":\"https:\/\/www.pagodepenarrubia.com\/de\/#\/schema\/logo\/image\/\",\"url\":\"https:\/\/www.pagodepenarrubia.com\/wp-content\/uploads\/favicon_penarrubia.png\",\"contentUrl\":\"https:\/\/www.pagodepenarrubia.com\/wp-content\/uploads\/favicon_penarrubia.png\",\"width\":334,\"height\":334,\"caption\":\"Pago de Pe\u00f1arrubias\"},\"image\":{\"@id\":\"https:\/\/www.pagodepenarrubia.com\/de\/#\/schema\/logo\/image\/\"}}]}<\/script>\n<!-- \/ Yoast SEO plugin. -->","yoast_head_json":{"title":"Kontakt - Pago de Pe\u00f1arrubia","robots":{"index":"index","follow":"follow","max-snippet":"max-snippet:-1","max-image-preview":"max-image-preview:large","max-video-preview":"max-video-preview:-1"},"canonical":"https:\/\/www.pagodepenarrubia.com\/de\/kontakt\/","og_locale":"de_DE","og_type":"article","og_title":"Kontakt - Pago de Pe\u00f1arrubia","og_description":"[vc_row thb_full_width=&#8220;true&#8220; thb_divider_position=&#8220;bottom&#8220; css=&#8220;.vc_custom_1610064719876{padding-top: 20vh !important;padding-bottom: 20vh !important;background-image: url(https:\/\/www.pagodepenarrubia.com\/wp-content\/uploads\/1.-La-tierra.jpg?id=1696) !important;background-position: center !important;background-repeat: no-repeat !important;background-size: cover !important;}&#8220;][vc_column][vc_column_text] KONTAKT [vc_separator color=&#8220;white&#8220; border_width=&#8220;2&#8243; el_width=&#8220;50&#8243;][\/vc_column_text][\/vc_column][\/vc_row][vc_row thb_divider_position=&#8220;bottom&#8220;][vc_column][vc_empty_space height=&#8220;80px&#8220;][\/vc_column][\/vc_row][vc_row content_placement=&#8220;middle&#8220; thb_divider_position=&#8220;bottom&#8220; el_class=&#8220;align-center&#8220;][vc_column width=&#8220;1\/2&#8243; el_class=&#8220;align-center&#8220;][vc_column_text css=&#8220;.vc_custom_1610367506841{padding-right: 10px !important;}&#8220;]Wenn Sie Fragen oder Bedenken zu unserem Bio-Oliven\u00f6l extra vergine oder zu einer Bestellung haben, k\u00f6nnen Sie uns unter der folgenden Telefonnummer oder per E-Mail&hellip;","og_url":"https:\/\/www.pagodepenarrubia.com\/de\/kontakt\/","og_site_name":"Pago de Pe\u00f1arrubia","article_modified_time":"2024-05-15T18:37:54+00:00","og_image":[{"url":"https:\/\/www.pagodepenarrubia.com\/wp-content\/uploads\/instagram-logo-1.png"}],"twitter_card":"summary_large_image","twitter_misc":{"Gesch\u00e4tzte Lesezeit":"1\u00a0Minute"},"schema":{"@context":"https:\/\/schema.org","@graph":[{"@type":"WebPage","@id":"https:\/\/www.pagodepenarrubia.com\/de\/kontakt\/","url":"https:\/\/www.pagodepenarrubia.com\/de\/kontakt\/","name":"Kontakt - Pago de Pe\u00f1arrubia","isPartOf":{"@id":"https:\/\/www.pagodepenarrubia.com\/de\/#website"},"datePublished":"2016-06-01T15:30:18+00:00","dateModified":"2024-05-15T18:37:54+00:00","breadcrumb":{"@id":"https:\/\/www.pagodepenarrubia.com\/de\/kontakt\/#breadcrumb"},"inLanguage":"de","potentialAction":[{"@type":"ReadAction","target":["https:\/\/www.pagodepenarrubia.com\/de\/kontakt\/"]}]},{"@type":"BreadcrumbList","@id":"https:\/\/www.pagodepenarrubia.com\/de\/kontakt\/#breadcrumb","itemListElement":[{"@type":"ListItem","position":1,"name":"Portada","item":"https:\/\/www.pagodepenarrubia.com\/de\/"},{"@type":"ListItem","position":2,"name":"Kontakt"}]},{"@type":"WebSite","@id":"https:\/\/www.pagodepenarrubia.com\/de\/#website","url":"https:\/\/www.pagodepenarrubia.com\/de\/","name":"Pago de Pe\u00f1arrubia","description":"Tienda de aceite oliva virgen extra ecol\u00f3gico gourmet","publisher":{"@id":"https:\/\/www.pagodepenarrubia.com\/de\/#organization"},"alternateName":"Pago Pe\u00f1arrubias","potentialAction":[{"@type":"SearchAction","target":{"@type":"EntryPoint","urlTemplate":"https:\/\/www.pagodepenarrubia.com\/de\/?s={search_term_string}"},"query-input":"required name=search_term_string"}],"inLanguage":"de"},{"@type":"Organization","@id":"https:\/\/www.pagodepenarrubia.com\/de\/#organization","name":"Pago de Pe\u00f1arrubias","alternateName":"Pe\u00f1arrubias","url":"https:\/\/www.pagodepenarrubia.com\/de\/","logo":{"@type":"ImageObject","inLanguage":"de","@id":"https:\/\/www.pagodepenarrubia.com\/de\/#\/schema\/logo\/image\/","url":"https:\/\/www.pagodepenarrubia.com\/wp-content\/uploads\/favicon_penarrubia.png","contentUrl":"https:\/\/www.pagodepenarrubia.com\/wp-content\/uploads\/favicon_penarrubia.png","width":334,"height":334,"caption":"Pago de Pe\u00f1arrubias"},"image":{"@id":"https:\/\/www.pagodepenarrubia.com\/de\/#\/schema\/logo\/image\/"}}]}},"_links":{"self":[{"href":"https:\/\/www.pagodepenarrubia.com\/de\/wp-json\/wp\/v2\/pages\/1603"}],"collection":[{"href":"https:\/\/www.pagodepenarrubia.com\/de\/wp-json\/wp\/v2\/pages"}],"about":[{"href":"https:\/\/www.pagodepenarrubia.com\/de\/wp-json\/wp\/v2\/types\/page"}],"author":[{"embeddable":true,"href":"https:\/\/www.pagodepenarrubia.com\/de\/wp-json\/wp\/v2\/users\/51"}],"replies":[{"embeddable":true,"href":"https:\/\/www.pagodepenarrubia.com\/de\/wp-json\/wp\/v2\/comments?post=1603"}],"version-history":[{"count":19,"href":"https:\/\/www.pagodepenarrubia.com\/de\/wp-json\/wp\/v2\/pages\/1603\/revisions"}],"predecessor-version":[{"id":12684,"href":"https:\/\/www.pagodepenarrubia.com\/de\/wp-json\/wp\/v2\/pages\/1603\/revisions\/12684"}],"wp:attachment":[{"href":"https:\/\/www.pagodepenarrubia.com\/de\/wp-json\/wp\/v2\/media?parent=1603"}],"curies":[{"name":"wp","href":"https:\/\/api.w.org\/{rel}","templated":true}]}}