{"id":1485,"date":"2016-06-01T17:29:12","date_gmt":"2016-06-01T15:29:12","guid":{"rendered":"https:\/\/www.pagodepenarrubia.com\/de\/el-aceite\/"},"modified":"2021-03-03T11:38:29","modified_gmt":"2021-03-03T10:38:29","slug":"das-oel","status":"publish","type":"page","link":"https:\/\/www.pagodepenarrubia.com\/de\/das-oel\/","title":{"rendered":"Das \u00d6l"},"content":{"rendered":"[vc_row thb_full_width=&#8220;true&#8220; parallax=&#8220;content-moving&#8220; parallax_image=&#8220;444&#8243; thb_divider_position=&#8220;bottom&#8220; css=&#8220;.vc_custom_1612293300555{padding-top: 20vh !important;padding-bottom: 20vh !important;background-image: url(https:\/\/www.pagodepenarrubia.com\/wp-content\/uploads\/Rama-y-olivas.jpg?id=10734) !important;}&#8220;][vc_column][vc_column_text]\n<h1 style=\"text-align: center;\"><span style=\"color: #ffffff;\">Bio natives Oliven\u00f6l extra<\/span><\/h1>\n[vc_separator color=&#8220;white&#8220; border_width=&#8220;2&#8243; el_width=&#8220;50&#8243;]\n[\/vc_column_text][\/vc_column][\/vc_row][vc_row content_placement=&#8220;middle&#8220; thb_divider_position=&#8220;bottom&#8220; css=&#8220;.vc_custom_1613401660033{padding-top: 8vh !important;}&#8220; el_class=&#8220;desktop-position&#8220;][vc_column width=&#8220;1\/2&#8243; css=&#8220;.vc_custom_1531309408746{padding-top: 1vh !important;}&#8220;][vc_single_image image=&#8220;10677&#8243; img_size=&#8220;600&#215;400&#8243;][\/vc_column][vc_column width=&#8220;1\/2&#8243; css=&#8220;.vc_custom_1612293400428{padding-top: 20px !important;}&#8220;][vc_column_text]\n<p style=\"text-align: justify;\"><span style=\"color: #000000; font-size: 16pt;\"><strong>Bei Pago de Pe\u00f1arrubia haben wir nichts neu erfunden, wir sind nur sehr gut im Erzeugen.<\/strong><\/span><\/p>\n<p>Die Ernte erfolgt mit mechanischen Mitteln, sodass die Fr\u00fcchte behutsam behandelt und transportiert werden, ohne sie zu zerdr\u00fccken oder sie auf den Boden fallen zu lassen, damit sie unversehrt an unsere \u00d6lpresse gelangen. Dort werden sie nach Sorten und Anbauzonen getrennt und kalt gepresst, um die Unterschiede zu bewahren und so Kompositionen kreieren zu k\u00f6nnen, die die Qualit\u00e4t der verschiedenen \u00d6le hervorhebt. Vom Baum in die \u00d6lm\u00fchle in unter 3 Stunden.<\/p>\n[\/vc_column_text][\/vc_column][\/vc_row][vc_row thb_divider_position=&#8220;bottom&#8220; css=&#8220;.vc_custom_1613401631400{padding-top: 8vh !important;}&#8220; el_class=&#8220;mobile-position align-center&#8220;][vc_column width=&#8220;1\/2&#8243; css=&#8220;.vc_custom_1612293400428{padding-top: 20px !important;}&#8220;][vc_column_text]\n<p><span style=\"color: #000000; font-size: 16pt;\"><strong>Bei Pago de Pe\u00f1arrubia haben wir nichts erfunden, wir produzieren einfach gut.<\/strong><\/span><\/p>\n<p>Wir pflegen und \u00fcberwachen jeden Baum das ganze Jahr \u00fcber und f\u00fchren nachhaltige und biologische Produktionstechniken ein.<\/p>\n<p>Die Ernte erfolgt maschinell, so dass unsere Fr\u00fcchte geschont werden und unversehrt in unsere \u00d6lm\u00fchle, die sich auf dem Hof selbst befindet, transportiert werden, ohne dass sie zerdr\u00fcckt werden oder den Boden ber\u00fchren. Dort werden sie kalt gemahlen, wobei Sorten und Anbaugebiete getrennt werden und die Unterschiede zwischen ihnen erhalten bleiben. So k\u00f6nnen wir Kompositionen erstellen, die die Qualit\u00e4t der verschiedenen \u00d6le hervorheben. Vom Baum bis zur Flasche in weniger als 3 Stunden.<\/p>\n[\/vc_column_text][\/vc_column][vc_column width=&#8220;1\/2&#8243; css=&#8220;.vc_custom_1531309408746{padding-top: 1vh !important;}&#8220;][vc_single_image image=&#8220;10677&#8243; img_size=&#8220;600&#215;400&#8243;][\/vc_column][\/vc_row][vc_row thb_divider_position=&#8220;bottom&#8220; css=&#8220;.vc_custom_1613401812747{padding-top: 7vh !important;padding-bottom: 7vh !important;}&#8220; el_class=&#8220;products-oil&#8220;][vc_column width=&#8220;1\/3&#8243;][vc_single_image image=&#8220;9644&#8243; img_size=&#8220;medium&#8220; alignment=&#8220;center&#8220; onclick=&#8220;custom_link&#8220; link=&#8220;https:\/\/www.pagodepenarrubia.com\/de\/der-laden&#8220;][vc_column_text]\n<h2 style=\"text-align: center;\">Picual<\/h2>\n<hr \/>\n<p style=\"text-align: center;\">Natives Bio-Oliven\u00f6l extra mit einer ausgewogenen hohen gr\u00fcnen Fruchtigkeit. Ein ideales \u00d6l f\u00fcr die Kombination mit intensiven Aromen.<\/p>\n[\/vc_column_text][\/vc_column][vc_column width=&#8220;1\/3&#8243;][vc_single_image image=&#8220;9656&#8243; img_size=&#8220;medium&#8220; alignment=&#8220;center&#8220; onclick=&#8220;custom_link&#8220; link=&#8220;https:\/\/www.pagodepenarrubia.com\/de\/der-laden&#8220;][vc_column_text]\n<h2 style=\"text-align: center;\">Arbequina<\/h2>\n<hr \/>\n<p style=\"text-align: center;\">Natives Bio-Oliven\u00f6l extra mit einer reifen, betonten Fruchtigkeit mit gr\u00fcnen Noten, komplex und harmonisch. Geeignet f\u00fcr die empfindlichsten Gaumen<\/p>\n[\/vc_column_text][\/vc_column][vc_column width=&#8220;1\/3&#8243;][vc_single_image image=&#8220;9652&#8243; img_size=&#8220;medium&#8220; alignment=&#8220;center&#8220; onclick=&#8220;custom_link&#8220; link=&#8220;https:\/\/www.pagodepenarrubia.com\/de\/der-laden&#8220;][vc_column_text]\n<h2 style=\"text-align: center;\">Composici\u00f3n<\/h2>\n<hr \/>\n<p style=\"text-align: center;\">Dieses \u00d6l ist das Ergebnis der Komposition von zwei unserer Olivensorten (Arbequina und Picual), wodurch ein mittelreifes, fruchtiges \u00d6l mit gr\u00fcnen Noten entsteht.<\/p>\n[\/vc_column_text][\/vc_column][\/vc_row]\n","protected":false},"excerpt":{"rendered":"<p>[vc_row thb_full_width=&#8220;true&#8220; parallax=&#8220;content-moving&#8220; parallax_image=&#8220;444&#8243; thb_divider_position=&#8220;bottom&#8220; css=&#8220;.vc_custom_1612293300555{padding-top: 20vh !important;padding-bottom: 20vh !important;background-image: url(https:\/\/www.pagodepenarrubia.com\/wp-content\/uploads\/Rama-y-olivas.jpg?id=10734) !important;}&#8220;][vc_column][vc_column_text] Bio natives Oliven\u00f6l extra [vc_separator color=&#8220;white&#8220; border_width=&#8220;2&#8243; el_width=&#8220;50&#8243;] [\/vc_column_text][\/vc_column][\/vc_row][vc_row content_placement=&#8220;middle&#8220; thb_divider_position=&#8220;bottom&#8220; css=&#8220;.vc_custom_1613401660033{padding-top: 8vh !important;}&#8220; el_class=&#8220;desktop-position&#8220;][vc_column width=&#8220;1\/2&#8243; css=&#8220;.vc_custom_1531309408746{padding-top: 1vh !important;}&#8220;][vc_single_image image=&#8220;10677&#8243; img_size=&#8220;600&#215;400&#8243;][\/vc_column][vc_column width=&#8220;1\/2&#8243; css=&#8220;.vc_custom_1612293400428{padding-top: 20px !important;}&#8220;][vc_column_text] Bei Pago de Pe\u00f1arrubia haben wir nichts neu erfunden, wir sind nur sehr gut im Erzeugen. Die Ernte&hellip;<\/p>\n","protected":false},"author":51,"featured_media":10736,"parent":0,"menu_order":0,"comment_status":"closed","ping_status":"closed","template":"","meta":[],"yoast_head":"<!-- This site is optimized with the Yoast SEO plugin v20.6 - https:\/\/yoast.com\/wordpress\/plugins\/seo\/ -->\n<title>Das \u00d6l - Pago de Pe\u00f1arrubia<\/title>\n<meta name=\"robots\" content=\"index, follow, max-snippet:-1, max-image-preview:large, max-video-preview:-1\" \/>\n<link rel=\"canonical\" href=\"https:\/\/www.pagodepenarrubia.com\/de\/das-oel\/\" \/>\n<meta property=\"og:locale\" content=\"de_DE\" \/>\n<meta property=\"og:type\" content=\"article\" \/>\n<meta property=\"og:title\" content=\"Das \u00d6l - Pago de Pe\u00f1arrubia\" \/>\n<meta property=\"og:description\" content=\"[vc_row thb_full_width=&#8220;true&#8220; parallax=&#8220;content-moving&#8220; parallax_image=&#8220;444&#8243; thb_divider_position=&#8220;bottom&#8220; css=&#8220;.vc_custom_1612293300555{padding-top: 20vh !important;padding-bottom: 20vh !important;background-image: url(https:\/\/www.pagodepenarrubia.com\/wp-content\/uploads\/Rama-y-olivas.jpg?id=10734) !important;}&#8220;][vc_column][vc_column_text] Bio natives Oliven\u00f6l extra [vc_separator color=&#8220;white&#8220; border_width=&#8220;2&#8243; el_width=&#8220;50&#8243;] [\/vc_column_text][\/vc_column][\/vc_row][vc_row content_placement=&#8220;middle&#8220; thb_divider_position=&#8220;bottom&#8220; css=&#8220;.vc_custom_1613401660033{padding-top: 8vh !important;}&#8220; el_class=&#8220;desktop-position&#8220;][vc_column width=&#8220;1\/2&#8243; css=&#8220;.vc_custom_1531309408746{padding-top: 1vh !important;}&#8220;][vc_single_image image=&#8220;10677&#8243; img_size=&#8220;600&#215;400&#8243;][\/vc_column][vc_column width=&#8220;1\/2&#8243; css=&#8220;.vc_custom_1612293400428{padding-top: 20px !important;}&#8220;][vc_column_text] Bei Pago de Pe\u00f1arrubia haben wir nichts neu erfunden, wir sind nur sehr gut im Erzeugen. Die Ernte&hellip;\" \/>\n<meta property=\"og:url\" content=\"https:\/\/www.pagodepenarrubia.com\/de\/das-oel\/\" \/>\n<meta property=\"og:site_name\" content=\"Pago de Pe\u00f1arrubia\" \/>\n<meta property=\"article:modified_time\" content=\"2021-03-03T10:38:29+00:00\" \/>\n<meta property=\"og:image\" content=\"https:\/\/www.pagodepenarrubia.com\/wp-content\/uploads\/FincaOctubre-1036-1.jpg\" \/>\n\t<meta property=\"og:image:width\" content=\"800\" \/>\n\t<meta property=\"og:image:height\" content=\"533\" \/>\n\t<meta property=\"og:image:type\" content=\"image\/jpeg\" \/>\n<meta name=\"twitter:card\" content=\"summary_large_image\" \/>\n<meta name=\"twitter:label1\" content=\"Gesch\u00e4tzte Lesezeit\" \/>\n\t<meta name=\"twitter:data1\" content=\"2\u00a0Minuten\" \/>\n<script type=\"application\/ld+json\" class=\"yoast-schema-graph\">{\"@context\":\"https:\/\/schema.org\",\"@graph\":[{\"@type\":\"WebPage\",\"@id\":\"https:\/\/www.pagodepenarrubia.com\/de\/das-oel\/\",\"url\":\"https:\/\/www.pagodepenarrubia.com\/de\/das-oel\/\",\"name\":\"Das \u00d6l - Pago de Pe\u00f1arrubia\",\"isPartOf\":{\"@id\":\"https:\/\/www.pagodepenarrubia.com\/de\/#website\"},\"datePublished\":\"2016-06-01T15:29:12+00:00\",\"dateModified\":\"2021-03-03T10:38:29+00:00\",\"breadcrumb\":{\"@id\":\"https:\/\/www.pagodepenarrubia.com\/de\/das-oel\/#breadcrumb\"},\"inLanguage\":\"de\",\"potentialAction\":[{\"@type\":\"ReadAction\",\"target\":[\"https:\/\/www.pagodepenarrubia.com\/de\/das-oel\/\"]}]},{\"@type\":\"BreadcrumbList\",\"@id\":\"https:\/\/www.pagodepenarrubia.com\/de\/das-oel\/#breadcrumb\",\"itemListElement\":[{\"@type\":\"ListItem\",\"position\":1,\"name\":\"Portada\",\"item\":\"https:\/\/www.pagodepenarrubia.com\/de\/\"},{\"@type\":\"ListItem\",\"position\":2,\"name\":\"Das \u00d6l\"}]},{\"@type\":\"WebSite\",\"@id\":\"https:\/\/www.pagodepenarrubia.com\/de\/#website\",\"url\":\"https:\/\/www.pagodepenarrubia.com\/de\/\",\"name\":\"Pago de Pe\u00f1arrubia\",\"description\":\"Tienda de aceite oliva virgen extra ecol\u00f3gico gourmet\",\"publisher\":{\"@id\":\"https:\/\/www.pagodepenarrubia.com\/de\/#organization\"},\"alternateName\":\"Pago Pe\u00f1arrubias\",\"potentialAction\":[{\"@type\":\"SearchAction\",\"target\":{\"@type\":\"EntryPoint\",\"urlTemplate\":\"https:\/\/www.pagodepenarrubia.com\/de\/?s={search_term_string}\"},\"query-input\":\"required name=search_term_string\"}],\"inLanguage\":\"de\"},{\"@type\":\"Organization\",\"@id\":\"https:\/\/www.pagodepenarrubia.com\/de\/#organization\",\"name\":\"Pago de Pe\u00f1arrubias\",\"alternateName\":\"Pe\u00f1arrubias\",\"url\":\"https:\/\/www.pagodepenarrubia.com\/de\/\",\"logo\":{\"@type\":\"ImageObject\",\"inLanguage\":\"de\",\"@id\":\"https:\/\/www.pagodepenarrubia.com\/de\/#\/schema\/logo\/image\/\",\"url\":\"https:\/\/www.pagodepenarrubia.com\/wp-content\/uploads\/favicon_penarrubia.png\",\"contentUrl\":\"https:\/\/www.pagodepenarrubia.com\/wp-content\/uploads\/favicon_penarrubia.png\",\"width\":334,\"height\":334,\"caption\":\"Pago de Pe\u00f1arrubias\"},\"image\":{\"@id\":\"https:\/\/www.pagodepenarrubia.com\/de\/#\/schema\/logo\/image\/\"}}]}<\/script>\n<!-- \/ Yoast SEO plugin. -->","yoast_head_json":{"title":"Das \u00d6l - Pago de Pe\u00f1arrubia","robots":{"index":"index","follow":"follow","max-snippet":"max-snippet:-1","max-image-preview":"max-image-preview:large","max-video-preview":"max-video-preview:-1"},"canonical":"https:\/\/www.pagodepenarrubia.com\/de\/das-oel\/","og_locale":"de_DE","og_type":"article","og_title":"Das \u00d6l - Pago de Pe\u00f1arrubia","og_description":"[vc_row thb_full_width=&#8220;true&#8220; parallax=&#8220;content-moving&#8220; parallax_image=&#8220;444&#8243; thb_divider_position=&#8220;bottom&#8220; css=&#8220;.vc_custom_1612293300555{padding-top: 20vh !important;padding-bottom: 20vh !important;background-image: url(https:\/\/www.pagodepenarrubia.com\/wp-content\/uploads\/Rama-y-olivas.jpg?id=10734) !important;}&#8220;][vc_column][vc_column_text] Bio natives Oliven\u00f6l extra [vc_separator color=&#8220;white&#8220; border_width=&#8220;2&#8243; el_width=&#8220;50&#8243;] [\/vc_column_text][\/vc_column][\/vc_row][vc_row content_placement=&#8220;middle&#8220; thb_divider_position=&#8220;bottom&#8220; css=&#8220;.vc_custom_1613401660033{padding-top: 8vh !important;}&#8220; el_class=&#8220;desktop-position&#8220;][vc_column width=&#8220;1\/2&#8243; css=&#8220;.vc_custom_1531309408746{padding-top: 1vh !important;}&#8220;][vc_single_image image=&#8220;10677&#8243; img_size=&#8220;600&#215;400&#8243;][\/vc_column][vc_column width=&#8220;1\/2&#8243; css=&#8220;.vc_custom_1612293400428{padding-top: 20px !important;}&#8220;][vc_column_text] Bei Pago de Pe\u00f1arrubia haben wir nichts neu erfunden, wir sind nur sehr gut im Erzeugen. Die Ernte&hellip;","og_url":"https:\/\/www.pagodepenarrubia.com\/de\/das-oel\/","og_site_name":"Pago de Pe\u00f1arrubia","article_modified_time":"2021-03-03T10:38:29+00:00","og_image":[{"width":800,"height":533,"url":"https:\/\/www.pagodepenarrubia.com\/wp-content\/uploads\/FincaOctubre-1036-1.jpg","type":"image\/jpeg"}],"twitter_card":"summary_large_image","twitter_misc":{"Gesch\u00e4tzte Lesezeit":"2\u00a0Minuten"},"schema":{"@context":"https:\/\/schema.org","@graph":[{"@type":"WebPage","@id":"https:\/\/www.pagodepenarrubia.com\/de\/das-oel\/","url":"https:\/\/www.pagodepenarrubia.com\/de\/das-oel\/","name":"Das \u00d6l - Pago de Pe\u00f1arrubia","isPartOf":{"@id":"https:\/\/www.pagodepenarrubia.com\/de\/#website"},"datePublished":"2016-06-01T15:29:12+00:00","dateModified":"2021-03-03T10:38:29+00:00","breadcrumb":{"@id":"https:\/\/www.pagodepenarrubia.com\/de\/das-oel\/#breadcrumb"},"inLanguage":"de","potentialAction":[{"@type":"ReadAction","target":["https:\/\/www.pagodepenarrubia.com\/de\/das-oel\/"]}]},{"@type":"BreadcrumbList","@id":"https:\/\/www.pagodepenarrubia.com\/de\/das-oel\/#breadcrumb","itemListElement":[{"@type":"ListItem","position":1,"name":"Portada","item":"https:\/\/www.pagodepenarrubia.com\/de\/"},{"@type":"ListItem","position":2,"name":"Das \u00d6l"}]},{"@type":"WebSite","@id":"https:\/\/www.pagodepenarrubia.com\/de\/#website","url":"https:\/\/www.pagodepenarrubia.com\/de\/","name":"Pago de Pe\u00f1arrubia","description":"Tienda de aceite oliva virgen extra ecol\u00f3gico gourmet","publisher":{"@id":"https:\/\/www.pagodepenarrubia.com\/de\/#organization"},"alternateName":"Pago Pe\u00f1arrubias","potentialAction":[{"@type":"SearchAction","target":{"@type":"EntryPoint","urlTemplate":"https:\/\/www.pagodepenarrubia.com\/de\/?s={search_term_string}"},"query-input":"required name=search_term_string"}],"inLanguage":"de"},{"@type":"Organization","@id":"https:\/\/www.pagodepenarrubia.com\/de\/#organization","name":"Pago de Pe\u00f1arrubias","alternateName":"Pe\u00f1arrubias","url":"https:\/\/www.pagodepenarrubia.com\/de\/","logo":{"@type":"ImageObject","inLanguage":"de","@id":"https:\/\/www.pagodepenarrubia.com\/de\/#\/schema\/logo\/image\/","url":"https:\/\/www.pagodepenarrubia.com\/wp-content\/uploads\/favicon_penarrubia.png","contentUrl":"https:\/\/www.pagodepenarrubia.com\/wp-content\/uploads\/favicon_penarrubia.png","width":334,"height":334,"caption":"Pago de Pe\u00f1arrubias"},"image":{"@id":"https:\/\/www.pagodepenarrubia.com\/de\/#\/schema\/logo\/image\/"}}]}},"_links":{"self":[{"href":"https:\/\/www.pagodepenarrubia.com\/de\/wp-json\/wp\/v2\/pages\/1485"}],"collection":[{"href":"https:\/\/www.pagodepenarrubia.com\/de\/wp-json\/wp\/v2\/pages"}],"about":[{"href":"https:\/\/www.pagodepenarrubia.com\/de\/wp-json\/wp\/v2\/types\/page"}],"author":[{"embeddable":true,"href":"https:\/\/www.pagodepenarrubia.com\/de\/wp-json\/wp\/v2\/users\/51"}],"replies":[{"embeddable":true,"href":"https:\/\/www.pagodepenarrubia.com\/de\/wp-json\/wp\/v2\/comments?post=1485"}],"version-history":[{"count":34,"href":"https:\/\/www.pagodepenarrubia.com\/de\/wp-json\/wp\/v2\/pages\/1485\/revisions"}],"predecessor-version":[{"id":11347,"href":"https:\/\/www.pagodepenarrubia.com\/de\/wp-json\/wp\/v2\/pages\/1485\/revisions\/11347"}],"wp:featuredmedia":[{"embeddable":true,"href":"https:\/\/www.pagodepenarrubia.com\/de\/wp-json\/wp\/v2\/media\/10736"}],"wp:attachment":[{"href":"https:\/\/www.pagodepenarrubia.com\/de\/wp-json\/wp\/v2\/media?parent=1485"}],"curies":[{"name":"wp","href":"https:\/\/api.w.org\/{rel}","templated":true}]}}