{"id":1481,"date":"2016-06-01T17:24:54","date_gmt":"2016-06-01T15:24:54","guid":{"rendered":"https:\/\/www.pagodepenarrubia.com\/de\/la-tierra\/"},"modified":"2021-03-02T19:49:09","modified_gmt":"2021-03-02T18:49:09","slug":"die-erde","status":"publish","type":"page","link":"https:\/\/www.pagodepenarrubia.com\/de\/die-erde\/","title":{"rendered":"Die Erde"},"content":{"rendered":"[vc_row thb_full_width=&#8220;true&#8220; parallax=&#8220;content-moving&#8220; parallax_image=&#8220;444&#8243; thb_divider_position=&#8220;bottom&#8220; css=&#8220;.vc_custom_1612212886124{padding-top: 20vh !important;padding-bottom: 20vh !important;background-image: url(https:\/\/www.pagodepenarrubia.com\/wp-content\/uploads\/finca-R-1.jpg?id=10705) !important;background-position: center;background-repeat: no-repeat !important;background-size: cover !important;}&#8220;][vc_column][vc_column_text]\n<h1 style=\"text-align: center;\"><span style=\"color: #ffffff;\">Die Erde<\/span><\/h1>\n[vc_separator color=&#8220;white&#8220; border_width=&#8220;2&#8243; el_width=&#8220;50&#8243;][\/vc_column_text][\/vc_column][\/vc_row][vc_row content_placement=&#8220;middle&#8220; thb_divider_position=&#8220;bottom&#8220; el_class=&#8220;align-center&#8220; css=&#8220;.vc_custom_1613402418285{padding-top: 80px !important;}&#8220;][vc_column width=&#8220;1\/2&#8243;][vc_single_image image=&#8220;10781&#8243; img_size=&#8220;600&#215;350&#8243; alignment=&#8220;center&#8220; el_class=&#8220;tam&#8220;][\/vc_column][vc_column width=&#8220;1\/2&#8243;][vc_column_text animation=&#8220;animation bottom-to-top&#8220;]\n<p style=\"text-align: justify;\"><strong><span style=\"font-size: 16pt;\">Pago de Pe\u00f1arrubia befindet sich am Fu\u00df der Sierra de Segura (Hell\u00edn, Albacete).<\/span><\/strong><\/p>\n<p style=\"text-align: justify;\">Diese kleine Gebirgskette zeichnet sich durch ihr extrem kontinentales Klima und den kalkhaltigen, sehr durchl\u00e4ssigen Boden aus, sodass die B\u00e4ume gut der Wasserknappheit standhalten. Es sind gerade diese so besonderen Bedingungen, die unseren nativen Oliven\u00f6len extra ganz besondere organoleptischen Eigenschaften verleihen.<\/p>\n[\/vc_column_text][\/vc_column][\/vc_row][vc_row content_placement=&#8220;middle&#8220; thb_divider_position=&#8220;bottom&#8220; el_class=&#8220;desktop-position&#8220; css=&#8220;.vc_custom_1613402657185{padding-top: 80px !important;padding-bottom: 80px !important;}&#8220;][vc_column width=&#8220;1\/2&#8243;][vc_column_text animation=&#8220;animation bottom-to-top&#8220;]<strong><span style=\"font-size: 16pt;\">Die Herstellung des besten Oliven\u00f6ls ist nicht das Einzige, was uns interessiert.<\/span><\/strong><\/p>\n<p>In Pago de Pe\u00f1arrubia versuchen wir, einen Beitrag zur Umwelt zu leisten und sie mit verschiedenen Initiativen zu bereichern. Wir z\u00fcchten G\u00e4nse, die sich um Unkraut k\u00fcmmern, wir pflanzen Mykorrhizapflanzen f\u00fcr die Produktion von drei verschiedenen Tr\u00fcffelsorten, wir stellen unseren eigenen organischen D\u00fcnger her, wir sanieren Geb\u00e4ude, um sie wieder zum Leben zu erwecken. All dies, zusammen mit unserem biologischen Anbau, soll unser Pago noch einzigartiger machen.[\/vc_column_text][\/vc_column][vc_column width=&#8220;1\/2&#8243;][vc_single_image image=&#8220;10711&#8243; img_size=&#8220;600&#215;350&#8243; alignment=&#8220;center&#8220; el_class=&#8220;tam&#8220;][\/vc_column][\/vc_row][vc_row thb_divider_position=&#8220;bottom&#8220; el_class=&#8220;mobile-position align-center&#8220; css=&#8220;.vc_custom_1613402597539{padding-top: 40px !important;padding-bottom: 40px !important;}&#8220;][vc_column width=&#8220;1\/2&#8243;][vc_single_image image=&#8220;10711&#8243; img_size=&#8220;600&#215;350&#8243; alignment=&#8220;center&#8220; el_class=&#8220;tam&#8220;][\/vc_column][vc_column width=&#8220;1\/2&#8243;][vc_column_text animation=&#8220;animation bottom-to-top&#8220;]<strong><span style=\"font-size: 16pt;\">Die Herstellung des besten Oliven\u00f6ls ist nicht das Einzige, was uns interessiert.<\/span><\/strong><\/p>\n<p>In Pago de Pe\u00f1arrubia versuchen wir, einen Beitrag zur Umwelt zu leisten und sie mit verschiedenen Initiativen zu bereichern. Wir z\u00fcchten G\u00e4nse, die sich um Unkraut k\u00fcmmern, wir pflanzen Mykorrhizapflanzen f\u00fcr die Produktion von drei verschiedenen Tr\u00fcffelsorten, wir stellen unseren eigenen organischen D\u00fcnger her, wir sanieren Geb\u00e4ude, um sie wieder zum Leben zu erwecken. All dies, zusammen mit unserem biologischen Anbau, soll unser Pago noch einzigartiger machen.[\/vc_column_text][\/vc_column][\/vc_row][vc_row thb_full_width=&#8220;true&#8220; thb_divider_position=&#8220;bottom&#8220; css=&#8220;.vc_custom_1610295864006{margin-right: 0px !important;margin-left: 0px !important;padding-right: 0px !important;padding-left: 0px !important;background-color: #f0f0f0 !important;}&#8220;][vc_column css=&#8220;.vc_custom_1610296265171{margin-right: 0px !important;margin-left: 0px !important;padding-right: 0px !important;padding-left: 0px !important;}&#8220; el_class=&#8220;bottom-images&#8220;][vc_gallery thb_columns=&#8220;small-6 large-3&#8243; thb_margins=&#8220;no-padding&#8220; images=&#8220;10750,10762,10758,10754&#8243; img_size=&#8220;medium&#8220; css=&#8220;.vc_custom_1612294552633{margin-right: 0px !important;margin-bottom: 0px !important;margin-left: 0px !important;padding-right: 0px !important;padding-left: 0px !important;}&#8220;][\/vc_column][\/vc_row]\n","protected":false},"excerpt":{"rendered":"<p>[vc_row thb_full_width=&#8220;true&#8220; parallax=&#8220;content-moving&#8220; parallax_image=&#8220;444&#8243; thb_divider_position=&#8220;bottom&#8220; css=&#8220;.vc_custom_1612212886124{padding-top: 20vh !important;padding-bottom: 20vh !important;background-image: url(https:\/\/www.pagodepenarrubia.com\/wp-content\/uploads\/finca-R-1.jpg?id=10705) !important;background-position: center;background-repeat: no-repeat !important;background-size: cover !important;}&#8220;][vc_column][vc_column_text] Die Erde [vc_separator color=&#8220;white&#8220; border_width=&#8220;2&#8243; el_width=&#8220;50&#8243;][\/vc_column_text][\/vc_column][\/vc_row][vc_row content_placement=&#8220;middle&#8220; thb_divider_position=&#8220;bottom&#8220; el_class=&#8220;align-center&#8220; css=&#8220;.vc_custom_1613402418285{padding-top: 80px !important;}&#8220;][vc_column width=&#8220;1\/2&#8243;][vc_single_image image=&#8220;10781&#8243; img_size=&#8220;600&#215;350&#8243; alignment=&#8220;center&#8220; el_class=&#8220;tam&#8220;][\/vc_column][vc_column width=&#8220;1\/2&#8243;][vc_column_text animation=&#8220;animation bottom-to-top&#8220;] Pago de Pe\u00f1arrubia befindet sich am Fu\u00df der Sierra de Segura (Hell\u00edn, Albacete). Diese kleine Gebirgskette zeichnet sich&hellip;<\/p>\n","protected":false},"author":51,"featured_media":0,"parent":0,"menu_order":0,"comment_status":"closed","ping_status":"closed","template":"","meta":[],"yoast_head":"<!-- This site is optimized with the Yoast SEO plugin v20.6 - https:\/\/yoast.com\/wordpress\/plugins\/seo\/ -->\n<title>Die Erde - Pago de Pe\u00f1arrubia<\/title>\n<meta name=\"robots\" content=\"index, follow, max-snippet:-1, max-image-preview:large, max-video-preview:-1\" \/>\n<link rel=\"canonical\" href=\"https:\/\/www.pagodepenarrubia.com\/de\/die-erde\/\" \/>\n<meta property=\"og:locale\" content=\"de_DE\" \/>\n<meta property=\"og:type\" content=\"article\" \/>\n<meta property=\"og:title\" content=\"Die Erde - Pago de Pe\u00f1arrubia\" \/>\n<meta property=\"og:description\" content=\"[vc_row thb_full_width=&#8220;true&#8220; parallax=&#8220;content-moving&#8220; parallax_image=&#8220;444&#8243; thb_divider_position=&#8220;bottom&#8220; css=&#8220;.vc_custom_1612212886124{padding-top: 20vh !important;padding-bottom: 20vh !important;background-image: url(https:\/\/www.pagodepenarrubia.com\/wp-content\/uploads\/finca-R-1.jpg?id=10705) !important;background-position: center;background-repeat: no-repeat !important;background-size: cover !important;}&#8220;][vc_column][vc_column_text] Die Erde [vc_separator color=&#8220;white&#8220; border_width=&#8220;2&#8243; el_width=&#8220;50&#8243;][\/vc_column_text][\/vc_column][\/vc_row][vc_row content_placement=&#8220;middle&#8220; thb_divider_position=&#8220;bottom&#8220; el_class=&#8220;align-center&#8220; css=&#8220;.vc_custom_1613402418285{padding-top: 80px !important;}&#8220;][vc_column width=&#8220;1\/2&#8243;][vc_single_image image=&#8220;10781&#8243; img_size=&#8220;600&#215;350&#8243; alignment=&#8220;center&#8220; el_class=&#8220;tam&#8220;][\/vc_column][vc_column width=&#8220;1\/2&#8243;][vc_column_text animation=&#8220;animation bottom-to-top&#8220;] Pago de Pe\u00f1arrubia befindet sich am Fu\u00df der Sierra de Segura (Hell\u00edn, Albacete). Diese kleine Gebirgskette zeichnet sich&hellip;\" \/>\n<meta property=\"og:url\" content=\"https:\/\/www.pagodepenarrubia.com\/de\/die-erde\/\" \/>\n<meta property=\"og:site_name\" content=\"Pago de Pe\u00f1arrubia\" \/>\n<meta property=\"article:modified_time\" content=\"2021-03-02T18:49:09+00:00\" \/>\n<meta property=\"og:image\" content=\"https:\/\/www.pagodepenarrubia.com\/wp-content\/uploads\/FincaOctubre-1036-1.jpg\" \/>\n\t<meta property=\"og:image:width\" content=\"800\" \/>\n\t<meta property=\"og:image:height\" content=\"533\" \/>\n\t<meta property=\"og:image:type\" content=\"image\/jpeg\" \/>\n<meta name=\"twitter:card\" content=\"summary_large_image\" \/>\n<meta name=\"twitter:label1\" content=\"Gesch\u00e4tzte Lesezeit\" \/>\n\t<meta name=\"twitter:data1\" content=\"2\u00a0Minuten\" \/>\n<script type=\"application\/ld+json\" class=\"yoast-schema-graph\">{\"@context\":\"https:\/\/schema.org\",\"@graph\":[{\"@type\":\"WebPage\",\"@id\":\"https:\/\/www.pagodepenarrubia.com\/de\/die-erde\/\",\"url\":\"https:\/\/www.pagodepenarrubia.com\/de\/die-erde\/\",\"name\":\"Die Erde - Pago de Pe\u00f1arrubia\",\"isPartOf\":{\"@id\":\"https:\/\/www.pagodepenarrubia.com\/de\/#website\"},\"datePublished\":\"2016-06-01T15:24:54+00:00\",\"dateModified\":\"2021-03-02T18:49:09+00:00\",\"breadcrumb\":{\"@id\":\"https:\/\/www.pagodepenarrubia.com\/de\/die-erde\/#breadcrumb\"},\"inLanguage\":\"de\",\"potentialAction\":[{\"@type\":\"ReadAction\",\"target\":[\"https:\/\/www.pagodepenarrubia.com\/de\/die-erde\/\"]}]},{\"@type\":\"BreadcrumbList\",\"@id\":\"https:\/\/www.pagodepenarrubia.com\/de\/die-erde\/#breadcrumb\",\"itemListElement\":[{\"@type\":\"ListItem\",\"position\":1,\"name\":\"Portada\",\"item\":\"https:\/\/www.pagodepenarrubia.com\/de\/\"},{\"@type\":\"ListItem\",\"position\":2,\"name\":\"Die Erde\"}]},{\"@type\":\"WebSite\",\"@id\":\"https:\/\/www.pagodepenarrubia.com\/de\/#website\",\"url\":\"https:\/\/www.pagodepenarrubia.com\/de\/\",\"name\":\"Pago de Pe\u00f1arrubia\",\"description\":\"Tienda de aceite oliva virgen extra ecol\u00f3gico gourmet\",\"publisher\":{\"@id\":\"https:\/\/www.pagodepenarrubia.com\/de\/#organization\"},\"alternateName\":\"Pago Pe\u00f1arrubias\",\"potentialAction\":[{\"@type\":\"SearchAction\",\"target\":{\"@type\":\"EntryPoint\",\"urlTemplate\":\"https:\/\/www.pagodepenarrubia.com\/de\/?s={search_term_string}\"},\"query-input\":\"required name=search_term_string\"}],\"inLanguage\":\"de\"},{\"@type\":\"Organization\",\"@id\":\"https:\/\/www.pagodepenarrubia.com\/de\/#organization\",\"name\":\"Pago de Pe\u00f1arrubias\",\"alternateName\":\"Pe\u00f1arrubias\",\"url\":\"https:\/\/www.pagodepenarrubia.com\/de\/\",\"logo\":{\"@type\":\"ImageObject\",\"inLanguage\":\"de\",\"@id\":\"https:\/\/www.pagodepenarrubia.com\/de\/#\/schema\/logo\/image\/\",\"url\":\"https:\/\/www.pagodepenarrubia.com\/wp-content\/uploads\/favicon_penarrubia.png\",\"contentUrl\":\"https:\/\/www.pagodepenarrubia.com\/wp-content\/uploads\/favicon_penarrubia.png\",\"width\":334,\"height\":334,\"caption\":\"Pago de Pe\u00f1arrubias\"},\"image\":{\"@id\":\"https:\/\/www.pagodepenarrubia.com\/de\/#\/schema\/logo\/image\/\"}}]}<\/script>\n<!-- \/ Yoast SEO plugin. -->","yoast_head_json":{"title":"Die Erde - Pago de Pe\u00f1arrubia","robots":{"index":"index","follow":"follow","max-snippet":"max-snippet:-1","max-image-preview":"max-image-preview:large","max-video-preview":"max-video-preview:-1"},"canonical":"https:\/\/www.pagodepenarrubia.com\/de\/die-erde\/","og_locale":"de_DE","og_type":"article","og_title":"Die Erde - Pago de Pe\u00f1arrubia","og_description":"[vc_row thb_full_width=&#8220;true&#8220; parallax=&#8220;content-moving&#8220; parallax_image=&#8220;444&#8243; thb_divider_position=&#8220;bottom&#8220; css=&#8220;.vc_custom_1612212886124{padding-top: 20vh !important;padding-bottom: 20vh !important;background-image: url(https:\/\/www.pagodepenarrubia.com\/wp-content\/uploads\/finca-R-1.jpg?id=10705) !important;background-position: center;background-repeat: no-repeat !important;background-size: cover !important;}&#8220;][vc_column][vc_column_text] Die Erde [vc_separator color=&#8220;white&#8220; border_width=&#8220;2&#8243; el_width=&#8220;50&#8243;][\/vc_column_text][\/vc_column][\/vc_row][vc_row content_placement=&#8220;middle&#8220; thb_divider_position=&#8220;bottom&#8220; el_class=&#8220;align-center&#8220; css=&#8220;.vc_custom_1613402418285{padding-top: 80px !important;}&#8220;][vc_column width=&#8220;1\/2&#8243;][vc_single_image image=&#8220;10781&#8243; img_size=&#8220;600&#215;350&#8243; alignment=&#8220;center&#8220; el_class=&#8220;tam&#8220;][\/vc_column][vc_column width=&#8220;1\/2&#8243;][vc_column_text animation=&#8220;animation bottom-to-top&#8220;] Pago de Pe\u00f1arrubia befindet sich am Fu\u00df der Sierra de Segura (Hell\u00edn, Albacete). Diese kleine Gebirgskette zeichnet sich&hellip;","og_url":"https:\/\/www.pagodepenarrubia.com\/de\/die-erde\/","og_site_name":"Pago de Pe\u00f1arrubia","article_modified_time":"2021-03-02T18:49:09+00:00","og_image":[{"width":800,"height":533,"url":"https:\/\/www.pagodepenarrubia.com\/wp-content\/uploads\/FincaOctubre-1036-1.jpg","type":"image\/jpeg"}],"twitter_card":"summary_large_image","twitter_misc":{"Gesch\u00e4tzte Lesezeit":"2\u00a0Minuten"},"schema":{"@context":"https:\/\/schema.org","@graph":[{"@type":"WebPage","@id":"https:\/\/www.pagodepenarrubia.com\/de\/die-erde\/","url":"https:\/\/www.pagodepenarrubia.com\/de\/die-erde\/","name":"Die Erde - Pago de Pe\u00f1arrubia","isPartOf":{"@id":"https:\/\/www.pagodepenarrubia.com\/de\/#website"},"datePublished":"2016-06-01T15:24:54+00:00","dateModified":"2021-03-02T18:49:09+00:00","breadcrumb":{"@id":"https:\/\/www.pagodepenarrubia.com\/de\/die-erde\/#breadcrumb"},"inLanguage":"de","potentialAction":[{"@type":"ReadAction","target":["https:\/\/www.pagodepenarrubia.com\/de\/die-erde\/"]}]},{"@type":"BreadcrumbList","@id":"https:\/\/www.pagodepenarrubia.com\/de\/die-erde\/#breadcrumb","itemListElement":[{"@type":"ListItem","position":1,"name":"Portada","item":"https:\/\/www.pagodepenarrubia.com\/de\/"},{"@type":"ListItem","position":2,"name":"Die Erde"}]},{"@type":"WebSite","@id":"https:\/\/www.pagodepenarrubia.com\/de\/#website","url":"https:\/\/www.pagodepenarrubia.com\/de\/","name":"Pago de Pe\u00f1arrubia","description":"Tienda de aceite oliva virgen extra ecol\u00f3gico gourmet","publisher":{"@id":"https:\/\/www.pagodepenarrubia.com\/de\/#organization"},"alternateName":"Pago Pe\u00f1arrubias","potentialAction":[{"@type":"SearchAction","target":{"@type":"EntryPoint","urlTemplate":"https:\/\/www.pagodepenarrubia.com\/de\/?s={search_term_string}"},"query-input":"required name=search_term_string"}],"inLanguage":"de"},{"@type":"Organization","@id":"https:\/\/www.pagodepenarrubia.com\/de\/#organization","name":"Pago de Pe\u00f1arrubias","alternateName":"Pe\u00f1arrubias","url":"https:\/\/www.pagodepenarrubia.com\/de\/","logo":{"@type":"ImageObject","inLanguage":"de","@id":"https:\/\/www.pagodepenarrubia.com\/de\/#\/schema\/logo\/image\/","url":"https:\/\/www.pagodepenarrubia.com\/wp-content\/uploads\/favicon_penarrubia.png","contentUrl":"https:\/\/www.pagodepenarrubia.com\/wp-content\/uploads\/favicon_penarrubia.png","width":334,"height":334,"caption":"Pago de Pe\u00f1arrubias"},"image":{"@id":"https:\/\/www.pagodepenarrubia.com\/de\/#\/schema\/logo\/image\/"}}]}},"_links":{"self":[{"href":"https:\/\/www.pagodepenarrubia.com\/de\/wp-json\/wp\/v2\/pages\/1481"}],"collection":[{"href":"https:\/\/www.pagodepenarrubia.com\/de\/wp-json\/wp\/v2\/pages"}],"about":[{"href":"https:\/\/www.pagodepenarrubia.com\/de\/wp-json\/wp\/v2\/types\/page"}],"author":[{"embeddable":true,"href":"https:\/\/www.pagodepenarrubia.com\/de\/wp-json\/wp\/v2\/users\/51"}],"replies":[{"embeddable":true,"href":"https:\/\/www.pagodepenarrubia.com\/de\/wp-json\/wp\/v2\/comments?post=1481"}],"version-history":[{"count":28,"href":"https:\/\/www.pagodepenarrubia.com\/de\/wp-json\/wp\/v2\/pages\/1481\/revisions"}],"predecessor-version":[{"id":11122,"href":"https:\/\/www.pagodepenarrubia.com\/de\/wp-json\/wp\/v2\/pages\/1481\/revisions\/11122"}],"wp:attachment":[{"href":"https:\/\/www.pagodepenarrubia.com\/de\/wp-json\/wp\/v2\/media?parent=1481"}],"curies":[{"name":"wp","href":"https:\/\/api.w.org\/{rel}","templated":true}]}}