{"id":12336,"date":"2023-02-03T14:44:56","date_gmt":"2023-02-03T13:44:56","guid":{"rendered":"https:\/\/www.pagodepenarrubia.com\/retail\/"},"modified":"2023-02-03T14:44:56","modified_gmt":"2023-02-03T13:44:56","slug":"retail","status":"publish","type":"page","link":"https:\/\/www.pagodepenarrubia.com\/de\/retail\/","title":{"rendered":"Retail"},"content":{"rendered":"[vc_row thb_full_width=&#8220;true&#8220; parallax=&#8220;content-moving&#8220; parallax_image=&#8220;444&#8243; thb_divider_position=&#8220;bottom&#8220; css=&#8220;.vc_custom_1675361540486{padding-top: 20vh !important;padding-bottom: 20vh !important;background-image: url(https:\/\/www.pagodepenarrubia.com\/wp-content\/uploads\/finca4.jpg?id=10276) !important;background-position: center;background-repeat: no-repeat !important;background-size: cover !important;}&#8220;][vc_column][vc_column_text]\n<h1 style=\"text-align: center;\"><span style=\"color: #ffffff;\">Retail<\/span><\/h1>\n[vc_separator color=&#8220;white&#8220; border_width=&#8220;2&#8243; el_width=&#8220;50&#8243;][\/vc_column_text][\/vc_column][\/vc_row][vc_row thb_divider_position=&#8220;bottom&#8220; css=&#8220;.vc_custom_1675361336591{margin-top: 80px !important;}&#8220;][vc_column][vc_column_text]\n<p style=\"text-align: center;\">Sind Sie daran interessiert, unser Produkt in Ihrem Gesch\u00e4ft zu f\u00fchren? Wir haben uns mit Ankorstore und Faire zusammengetan, Gro\u00dfhandelsplattformen, die es unabh\u00e4ngigen und kleinen Einzelh\u00e4ndlern leichter machen, eine Bestellung aufzugeben. Bitte \u00fcberpr\u00fcfen Sie deren Webseiten und sehen Sie sich die Rabatte mit unserem Code an. Wenn Sie daran interessiert sind, eine direkte Bestellung \u00fcber uns aufzugeben, senden Sie bitte eine E-Mail an <a href=\"mailto:info@pagodepenarrubia.com\">info@pagodepenarrubia.com<\/a>.<\/p>\n[\/vc_column_text][\/vc_column][\/vc_row][vc_row thb_divider_position=&#8220;bottom&#8220;][vc_column][vc_raw_html]PGlmcmFtZSBzcmM9Imh0dHBzOi8vd3d3LmZhaXJlLmNvbS9lbWJlZC9id194aHdhdDNmMnA2IiB3aWR0aD0iOTAwIiBoZWlnaHQ9IjYwMCIgc2Nyb2xsaW5nPSJubyIgc3R5bGU9Im1hcmdpbjowIGF1dG87Ym9yZGVyOm5vbmU7ZGlzcGxheTpibG9jazttYXgtd2lkdGg6MTAwJTt3aWR0aDo5MDBweDtoZWlnaHQ6NjAwcHg7Ij48L2lmcmFtZT4=[\/vc_raw_html][\/vc_column][\/vc_row][vc_row thb_divider_position=&#8220;bottom&#8220;][vc_column][vc_raw_html]PHA+PGlmcmFtZSBpZD0iYW5rb3JzdG9yZS13aWRnZXQiIHRpdGxlPSJhbmtvcnN0b3JlLXdpZGdldCIgd2lkdGg9IjEwMCUiIHN0eWxlPSJib3JkZXI6IG5vbmU7IGhlaWdodDogNzEwcHg7IiBzY3JvbGxpbmc9Im5vIiBzcmM9Imh0dHBzOi8vd3d3LmFua29yc3RvcmUuY29tL2JyYW5kLzMwNDIvd2lkZ2V0Ij4gCjwvaWZyYW1lPgo8c2NyaXB0IHNyYz0iaHR0cHM6Ly93d3cuYW5rb3JzdG9yZS5jb20vYnJhbmQtd2lkZ2V0LmpzIj48L3NjcmlwdD48L3A+[\/vc_raw_html][\/vc_column][\/vc_row]\n","protected":false},"excerpt":{"rendered":"<p>[vc_row thb_full_width=&#8220;true&#8220; parallax=&#8220;content-moving&#8220; parallax_image=&#8220;444&#8243; thb_divider_position=&#8220;bottom&#8220; css=&#8220;.vc_custom_1675361540486{padding-top: 20vh !important;padding-bottom: 20vh !important;background-image: url(https:\/\/www.pagodepenarrubia.com\/wp-content\/uploads\/finca4.jpg?id=10276) !important;background-position: center;background-repeat: no-repeat !important;background-size: cover !important;}&#8220;][vc_column][vc_column_text] Retail [vc_separator color=&#8220;white&#8220; border_width=&#8220;2&#8243; el_width=&#8220;50&#8243;][\/vc_column_text][\/vc_column][\/vc_row][vc_row thb_divider_position=&#8220;bottom&#8220; css=&#8220;.vc_custom_1675361336591{margin-top: 80px !important;}&#8220;][vc_column][vc_column_text] Sind Sie daran interessiert, unser Produkt in Ihrem Gesch\u00e4ft zu f\u00fchren? Wir haben uns mit Ankorstore und Faire zusammengetan, Gro\u00dfhandelsplattformen, die es unabh\u00e4ngigen und kleinen Einzelh\u00e4ndlern leichter machen, eine&hellip;<\/p>\n","protected":false},"author":51,"featured_media":0,"parent":0,"menu_order":0,"comment_status":"closed","ping_status":"closed","template":"","meta":[],"yoast_head":"<!-- This site is optimized with the Yoast SEO plugin v20.6 - https:\/\/yoast.com\/wordpress\/plugins\/seo\/ -->\n<title>Retail - Pago de Pe\u00f1arrubia<\/title>\n<meta name=\"robots\" content=\"index, follow, max-snippet:-1, max-image-preview:large, max-video-preview:-1\" \/>\n<link rel=\"canonical\" href=\"https:\/\/www.pagodepenarrubia.com\/de\/retail\/\" \/>\n<meta property=\"og:locale\" content=\"de_DE\" \/>\n<meta property=\"og:type\" content=\"article\" \/>\n<meta property=\"og:title\" content=\"Retail - Pago de Pe\u00f1arrubia\" \/>\n<meta property=\"og:description\" content=\"[vc_row thb_full_width=&#8220;true&#8220; parallax=&#8220;content-moving&#8220; parallax_image=&#8220;444&#8243; thb_divider_position=&#8220;bottom&#8220; css=&#8220;.vc_custom_1675361540486{padding-top: 20vh !important;padding-bottom: 20vh !important;background-image: url(https:\/\/www.pagodepenarrubia.com\/wp-content\/uploads\/finca4.jpg?id=10276) !important;background-position: center;background-repeat: no-repeat !important;background-size: cover !important;}&#8220;][vc_column][vc_column_text] Retail [vc_separator color=&#8220;white&#8220; border_width=&#8220;2&#8243; el_width=&#8220;50&#8243;][\/vc_column_text][\/vc_column][\/vc_row][vc_row thb_divider_position=&#8220;bottom&#8220; css=&#8220;.vc_custom_1675361336591{margin-top: 80px !important;}&#8220;][vc_column][vc_column_text] Sind Sie daran interessiert, unser Produkt in Ihrem Gesch\u00e4ft zu f\u00fchren? Wir haben uns mit Ankorstore und Faire zusammengetan, Gro\u00dfhandelsplattformen, die es unabh\u00e4ngigen und kleinen Einzelh\u00e4ndlern leichter machen, eine&hellip;\" \/>\n<meta property=\"og:url\" content=\"https:\/\/www.pagodepenarrubia.com\/de\/retail\/\" \/>\n<meta property=\"og:site_name\" content=\"Pago de Pe\u00f1arrubia\" \/>\n<meta property=\"og:image\" content=\"https:\/\/www.pagodepenarrubia.com\/wp-content\/uploads\/FincaOctubre-1036-1.jpg\" \/>\n\t<meta property=\"og:image:width\" content=\"800\" \/>\n\t<meta property=\"og:image:height\" content=\"533\" \/>\n\t<meta property=\"og:image:type\" content=\"image\/jpeg\" \/>\n<meta name=\"twitter:card\" content=\"summary_large_image\" \/>\n<meta name=\"twitter:label1\" content=\"Gesch\u00e4tzte Lesezeit\" \/>\n\t<meta name=\"twitter:data1\" content=\"1\u00a0Minute\" \/>\n<script type=\"application\/ld+json\" class=\"yoast-schema-graph\">{\"@context\":\"https:\/\/schema.org\",\"@graph\":[{\"@type\":\"WebPage\",\"@id\":\"https:\/\/www.pagodepenarrubia.com\/de\/retail\/\",\"url\":\"https:\/\/www.pagodepenarrubia.com\/de\/retail\/\",\"name\":\"Retail - Pago de Pe\u00f1arrubia\",\"isPartOf\":{\"@id\":\"https:\/\/www.pagodepenarrubia.com\/de\/#website\"},\"datePublished\":\"2023-02-03T13:44:56+00:00\",\"dateModified\":\"2023-02-03T13:44:56+00:00\",\"breadcrumb\":{\"@id\":\"https:\/\/www.pagodepenarrubia.com\/de\/retail\/#breadcrumb\"},\"inLanguage\":\"de\",\"potentialAction\":[{\"@type\":\"ReadAction\",\"target\":[\"https:\/\/www.pagodepenarrubia.com\/de\/retail\/\"]}]},{\"@type\":\"BreadcrumbList\",\"@id\":\"https:\/\/www.pagodepenarrubia.com\/de\/retail\/#breadcrumb\",\"itemListElement\":[{\"@type\":\"ListItem\",\"position\":1,\"name\":\"Portada\",\"item\":\"https:\/\/www.pagodepenarrubia.com\/de\/\"},{\"@type\":\"ListItem\",\"position\":2,\"name\":\"Retail\"}]},{\"@type\":\"WebSite\",\"@id\":\"https:\/\/www.pagodepenarrubia.com\/de\/#website\",\"url\":\"https:\/\/www.pagodepenarrubia.com\/de\/\",\"name\":\"Pago de Pe\u00f1arrubia\",\"description\":\"Tienda de aceite oliva virgen extra ecol\u00f3gico gourmet\",\"publisher\":{\"@id\":\"https:\/\/www.pagodepenarrubia.com\/de\/#organization\"},\"alternateName\":\"Pago Pe\u00f1arrubias\",\"potentialAction\":[{\"@type\":\"SearchAction\",\"target\":{\"@type\":\"EntryPoint\",\"urlTemplate\":\"https:\/\/www.pagodepenarrubia.com\/de\/?s={search_term_string}\"},\"query-input\":\"required name=search_term_string\"}],\"inLanguage\":\"de\"},{\"@type\":\"Organization\",\"@id\":\"https:\/\/www.pagodepenarrubia.com\/de\/#organization\",\"name\":\"Pago de Pe\u00f1arrubias\",\"alternateName\":\"Pe\u00f1arrubias\",\"url\":\"https:\/\/www.pagodepenarrubia.com\/de\/\",\"logo\":{\"@type\":\"ImageObject\",\"inLanguage\":\"de\",\"@id\":\"https:\/\/www.pagodepenarrubia.com\/de\/#\/schema\/logo\/image\/\",\"url\":\"https:\/\/www.pagodepenarrubia.com\/wp-content\/uploads\/favicon_penarrubia.png\",\"contentUrl\":\"https:\/\/www.pagodepenarrubia.com\/wp-content\/uploads\/favicon_penarrubia.png\",\"width\":334,\"height\":334,\"caption\":\"Pago de Pe\u00f1arrubias\"},\"image\":{\"@id\":\"https:\/\/www.pagodepenarrubia.com\/de\/#\/schema\/logo\/image\/\"}}]}<\/script>\n<!-- \/ Yoast SEO plugin. -->","yoast_head_json":{"title":"Retail - Pago de Pe\u00f1arrubia","robots":{"index":"index","follow":"follow","max-snippet":"max-snippet:-1","max-image-preview":"max-image-preview:large","max-video-preview":"max-video-preview:-1"},"canonical":"https:\/\/www.pagodepenarrubia.com\/de\/retail\/","og_locale":"de_DE","og_type":"article","og_title":"Retail - Pago de Pe\u00f1arrubia","og_description":"[vc_row thb_full_width=&#8220;true&#8220; parallax=&#8220;content-moving&#8220; parallax_image=&#8220;444&#8243; thb_divider_position=&#8220;bottom&#8220; css=&#8220;.vc_custom_1675361540486{padding-top: 20vh !important;padding-bottom: 20vh !important;background-image: url(https:\/\/www.pagodepenarrubia.com\/wp-content\/uploads\/finca4.jpg?id=10276) !important;background-position: center;background-repeat: no-repeat !important;background-size: cover !important;}&#8220;][vc_column][vc_column_text] Retail [vc_separator color=&#8220;white&#8220; border_width=&#8220;2&#8243; el_width=&#8220;50&#8243;][\/vc_column_text][\/vc_column][\/vc_row][vc_row thb_divider_position=&#8220;bottom&#8220; css=&#8220;.vc_custom_1675361336591{margin-top: 80px !important;}&#8220;][vc_column][vc_column_text] Sind Sie daran interessiert, unser Produkt in Ihrem Gesch\u00e4ft zu f\u00fchren? Wir haben uns mit Ankorstore und Faire zusammengetan, Gro\u00dfhandelsplattformen, die es unabh\u00e4ngigen und kleinen Einzelh\u00e4ndlern leichter machen, eine&hellip;","og_url":"https:\/\/www.pagodepenarrubia.com\/de\/retail\/","og_site_name":"Pago de Pe\u00f1arrubia","og_image":[{"width":800,"height":533,"url":"https:\/\/www.pagodepenarrubia.com\/wp-content\/uploads\/FincaOctubre-1036-1.jpg","type":"image\/jpeg"}],"twitter_card":"summary_large_image","twitter_misc":{"Gesch\u00e4tzte Lesezeit":"1\u00a0Minute"},"schema":{"@context":"https:\/\/schema.org","@graph":[{"@type":"WebPage","@id":"https:\/\/www.pagodepenarrubia.com\/de\/retail\/","url":"https:\/\/www.pagodepenarrubia.com\/de\/retail\/","name":"Retail - Pago de Pe\u00f1arrubia","isPartOf":{"@id":"https:\/\/www.pagodepenarrubia.com\/de\/#website"},"datePublished":"2023-02-03T13:44:56+00:00","dateModified":"2023-02-03T13:44:56+00:00","breadcrumb":{"@id":"https:\/\/www.pagodepenarrubia.com\/de\/retail\/#breadcrumb"},"inLanguage":"de","potentialAction":[{"@type":"ReadAction","target":["https:\/\/www.pagodepenarrubia.com\/de\/retail\/"]}]},{"@type":"BreadcrumbList","@id":"https:\/\/www.pagodepenarrubia.com\/de\/retail\/#breadcrumb","itemListElement":[{"@type":"ListItem","position":1,"name":"Portada","item":"https:\/\/www.pagodepenarrubia.com\/de\/"},{"@type":"ListItem","position":2,"name":"Retail"}]},{"@type":"WebSite","@id":"https:\/\/www.pagodepenarrubia.com\/de\/#website","url":"https:\/\/www.pagodepenarrubia.com\/de\/","name":"Pago de Pe\u00f1arrubia","description":"Tienda de aceite oliva virgen extra ecol\u00f3gico gourmet","publisher":{"@id":"https:\/\/www.pagodepenarrubia.com\/de\/#organization"},"alternateName":"Pago Pe\u00f1arrubias","potentialAction":[{"@type":"SearchAction","target":{"@type":"EntryPoint","urlTemplate":"https:\/\/www.pagodepenarrubia.com\/de\/?s={search_term_string}"},"query-input":"required name=search_term_string"}],"inLanguage":"de"},{"@type":"Organization","@id":"https:\/\/www.pagodepenarrubia.com\/de\/#organization","name":"Pago de Pe\u00f1arrubias","alternateName":"Pe\u00f1arrubias","url":"https:\/\/www.pagodepenarrubia.com\/de\/","logo":{"@type":"ImageObject","inLanguage":"de","@id":"https:\/\/www.pagodepenarrubia.com\/de\/#\/schema\/logo\/image\/","url":"https:\/\/www.pagodepenarrubia.com\/wp-content\/uploads\/favicon_penarrubia.png","contentUrl":"https:\/\/www.pagodepenarrubia.com\/wp-content\/uploads\/favicon_penarrubia.png","width":334,"height":334,"caption":"Pago de Pe\u00f1arrubias"},"image":{"@id":"https:\/\/www.pagodepenarrubia.com\/de\/#\/schema\/logo\/image\/"}}]}},"_links":{"self":[{"href":"https:\/\/www.pagodepenarrubia.com\/de\/wp-json\/wp\/v2\/pages\/12336"}],"collection":[{"href":"https:\/\/www.pagodepenarrubia.com\/de\/wp-json\/wp\/v2\/pages"}],"about":[{"href":"https:\/\/www.pagodepenarrubia.com\/de\/wp-json\/wp\/v2\/types\/page"}],"author":[{"embeddable":true,"href":"https:\/\/www.pagodepenarrubia.com\/de\/wp-json\/wp\/v2\/users\/51"}],"replies":[{"embeddable":true,"href":"https:\/\/www.pagodepenarrubia.com\/de\/wp-json\/wp\/v2\/comments?post=12336"}],"version-history":[{"count":2,"href":"https:\/\/www.pagodepenarrubia.com\/de\/wp-json\/wp\/v2\/pages\/12336\/revisions"}],"predecessor-version":[{"id":12338,"href":"https:\/\/www.pagodepenarrubia.com\/de\/wp-json\/wp\/v2\/pages\/12336\/revisions\/12338"}],"wp:attachment":[{"href":"https:\/\/www.pagodepenarrubia.com\/de\/wp-json\/wp\/v2\/media?parent=12336"}],"curies":[{"name":"wp","href":"https:\/\/api.w.org\/{rel}","templated":true}]}}